{"id":1124,"date":"2025-02-07T13:20:43","date_gmt":"2025-02-07T13:20:43","guid":{"rendered":"https:\/\/www.rentabikedlabuela.com\/stornierungsbedingungen\/"},"modified":"2025-03-10T13:29:37","modified_gmt":"2025-03-10T13:29:37","slug":"stornierungsbedingungen","status":"publish","type":"page","link":"https:\/\/www.rentabikedlabuela.com\/de\/stornierungsbedingungen\/","title":{"rendered":"Stornierungsbedingungen"},"content":{"rendered":"\n<h2 class=\"wp-block-heading\">Stornierungsbedingungen<\/h2>\n\n<p>Es erfolgt eine vollst\u00e4ndige R\u00fcckerstattung bei einer Stornierung mit 72 Stunden Vorank\u00fcndigung des Miet Datums. Bei einer Stornierung mit 24 Stunden Vorank\u00fcndigung (w\u00e4hrend der B\u00fcrozeiten von 9:00 bis 19:00 Uhr) wird eine R\u00fcckerstattung von 50% gew\u00e4hrt. Stornierungen am selben Tag der Miete sind nicht m\u00f6glich. Eine vollst\u00e4ndige R\u00fcckerstattung erfolgt im Falle einer Stornierung der Reservierung durch Rent a Bike Dlabuela.   <\/p>\n\n<h2 class=\"wp-block-heading\">Mietbedingungen<\/h2>\n\n<p>1. Der Fahrradverleih ist ein Service von Axarquia Solution S.L. (A.S. s.l.) mit der Steuernummer B01850593, ans\u00e4ssig in C\/ Campo de la Iglesia n8, 29790 Benajarafe, unter dem Handelsnamen \u201eRENT A BIKE DLABUELA.<\/p>\n\n<p>2. A.S. s.l. ist Eigent\u00fcmer der Fahrr\u00e4der und der ausgestellten Ausr\u00fcstung.<\/p>\n\n<p>3. Um sicherzustellen, dass das Fahrrad und die Ausr\u00fcstung korrekt genutzt werden und um zu gew\u00e4hrleisten, dass jeder Benutzer sich verantwortungsbewusst verh\u00e4lt und die bestm\u00f6gliche Erfahrung hat, erkl\u00e4rt sich der Mieter damit einverstanden, f\u00fcr die Pflege und R\u00fcckgabe des Fahrrads und der Zubeh\u00f6rteile (Schl\u00f6sser, Helm, Schl\u00fcssel, etc.) verantwortlich zu sein. Die Fahrr\u00e4der werden bei der \u00dcbergabe \u00fcberpr\u00fcft und m\u00fcssen im gleichen Zustand zur\u00fcckgegeben werden, in dem sie ausgeliehen wurden. Der Benutzer ist f\u00fcr Sch\u00e4den verantwortlich, die w\u00e4hrend der Nutzung entstehen. <\/p>\n\n<p>4. Im Falle von Diebstahl oder Verlust des Materials, ganz oder teilweise, ist der Benutzer verpflichtet, den Betrag des entwendeten Materials an A.S. s.l. zu zahlen.<\/p>\n\n<p>5. Der Benutzer kennt und verpflichtet sich, die Verkehrsregeln und Gesetze zu respektieren und ist verantwortlich f\u00fcr alle Sch\u00e4den (an sich selbst oder an Dritten), die durch einen Unfall w\u00e4hrend der Nutzung des Fahrrads verursacht werden.<\/p>\n\n<p>6. A.S. s.l. \u00fcbernimmt keine Verantwortung f\u00fcr irgendwelche Anspr\u00fcche. Der Benutzer ist jederzeit verpflichtet, das Fahrrad zu pflegen und an einem sicheren Ort vor Diebstahl zu bewahren. <\/p>\n\n<p>7. Ein Foto des Ausweises\/Passes des Mieters wird gemacht.<\/p>\n\n<p>8. A.S. s.l. verpflichtet sich, die Stornierungsbedingungen einzuhalten.<\/p>\n\n<p>9. Eine versp\u00e4tete R\u00fcckgabe des Fahrrads\/Fahrr\u00e4der f\u00fchrt zur Zahlung des entsprechenden Tarifs.<\/p>\n\n<p>10. Im Falle einer Panne verpflichtet sich A.S. s.l., Unterst\u00fctzung zu leisten und das Fahrrad zu wechseln. Dazu muss der Benutzer RENT A BIKE DLABUELA unter der Telefonnummer 653 06 25 12 kontaktieren. <\/p>\n","protected":false},"excerpt":{"rendered":"<p>Stornierungsbedingungen Es erfolgt eine vollst\u00e4ndige R\u00fcckerstattung bei einer Stornierung mit 72 Stunden Vorank\u00fcndigung des Miet Datums. Bei einer Stornierung mit 24 Stunden Vorank\u00fcndigung (w\u00e4hrend der B\u00fcrozeiten von 9:00 bis 19:00 Uhr) wird eine R\u00fcckerstattung von 50% gew\u00e4hrt. Stornierungen am selben Tag der Miete sind nicht m\u00f6glich. Eine vollst\u00e4ndige R\u00fcckerstattung erfolgt im Falle einer Stornierung der [&hellip;]<\/p>\n","protected":false},"author":1,"featured_media":0,"parent":0,"menu_order":0,"comment_status":"closed","ping_status":"closed","template":"","meta":{"_acf_changed":false,"footnotes":""},"class_list":["post-1124","page","type-page","status-publish","hentry"],"acf":[],"yoast_head":"<!-- This site is optimized with the Yoast SEO plugin v27.3 - https:\/\/yoast.com\/product\/yoast-seo-wordpress\/ -->\n<title>Stornierungsbedingungen - Rent a Bike Dlabuela<\/title>\n<meta name=\"robots\" content=\"index, follow, max-snippet:-1, max-image-preview:large, max-video-preview:-1\" \/>\n<link rel=\"canonical\" href=\"https:\/\/www.rentabikedlabuela.com\/de\/stornierungsbedingungen\/\" \/>\n<meta property=\"og:locale\" content=\"de_DE\" \/>\n<meta property=\"og:type\" content=\"article\" \/>\n<meta property=\"og:title\" content=\"Stornierungsbedingungen - Rent a Bike Dlabuela\" \/>\n<meta property=\"og:description\" content=\"Stornierungsbedingungen Es erfolgt eine vollst\u00e4ndige R\u00fcckerstattung bei einer Stornierung mit 72 Stunden Vorank\u00fcndigung des Miet Datums. Bei einer Stornierung mit 24 Stunden Vorank\u00fcndigung (w\u00e4hrend der B\u00fcrozeiten von 9:00 bis 19:00 Uhr) wird eine R\u00fcckerstattung von 50% gew\u00e4hrt. Stornierungen am selben Tag der Miete sind nicht m\u00f6glich. Eine vollst\u00e4ndige R\u00fcckerstattung erfolgt im Falle einer Stornierung der [&hellip;]\" \/>\n<meta property=\"og:url\" content=\"https:\/\/www.rentabikedlabuela.com\/de\/stornierungsbedingungen\/\" \/>\n<meta property=\"og:site_name\" content=\"Rent a Bike Dlabuela\" \/>\n<meta property=\"article:publisher\" content=\"https:\/\/www.facebook.com\/Dlabuela\/\" \/>\n<meta property=\"article:modified_time\" content=\"2025-03-10T13:29:37+00:00\" \/>\n<meta property=\"og:image\" content=\"https:\/\/www.rentabikedlabuela.com\/wp-content\/uploads\/Imagen-de-Inicio-n-1.jpg\" \/>\n\t<meta property=\"og:image:width\" content=\"1920\" \/>\n\t<meta property=\"og:image:height\" content=\"1440\" \/>\n\t<meta property=\"og:image:type\" content=\"image\/jpeg\" \/>\n<meta name=\"twitter:card\" content=\"summary_large_image\" \/>\n<meta name=\"twitter:label1\" content=\"Gesch\u00e4tzte Lesezeit\" \/>\n\t<meta name=\"twitter:data1\" content=\"2\u00a0Minuten\" \/>\n<script type=\"application\/ld+json\" class=\"yoast-schema-graph\">{\"@context\":\"https:\\\/\\\/schema.org\",\"@graph\":[{\"@type\":\"WebPage\",\"@id\":\"https:\\\/\\\/www.rentabikedlabuela.com\\\/de\\\/stornierungsbedingungen\\\/\",\"url\":\"https:\\\/\\\/www.rentabikedlabuela.com\\\/de\\\/stornierungsbedingungen\\\/\",\"name\":\"Stornierungsbedingungen - Rent a Bike Dlabuela\",\"isPartOf\":{\"@id\":\"https:\\\/\\\/www.rentabikedlabuela.com\\\/#website\"},\"datePublished\":\"2025-02-07T13:20:43+00:00\",\"dateModified\":\"2025-03-10T13:29:37+00:00\",\"breadcrumb\":{\"@id\":\"https:\\\/\\\/www.rentabikedlabuela.com\\\/de\\\/stornierungsbedingungen\\\/#breadcrumb\"},\"inLanguage\":\"de\",\"potentialAction\":[{\"@type\":\"ReadAction\",\"target\":[\"https:\\\/\\\/www.rentabikedlabuela.com\\\/de\\\/stornierungsbedingungen\\\/\"]}]},{\"@type\":\"BreadcrumbList\",\"@id\":\"https:\\\/\\\/www.rentabikedlabuela.com\\\/de\\\/stornierungsbedingungen\\\/#breadcrumb\",\"itemListElement\":[{\"@type\":\"ListItem\",\"position\":1,\"name\":\"Home\",\"item\":\"https:\\\/\\\/www.rentabikedlabuela.com\\\/de\\\/startseite\\\/\"},{\"@type\":\"ListItem\",\"position\":2,\"name\":\"Stornierungsbedingungen\"}]},{\"@type\":\"WebSite\",\"@id\":\"https:\\\/\\\/www.rentabikedlabuela.com\\\/#website\",\"url\":\"https:\\\/\\\/www.rentabikedlabuela.com\\\/\",\"name\":\"Rent a Bike Dlabuela\",\"description\":\"\",\"publisher\":{\"@id\":\"https:\\\/\\\/www.rentabikedlabuela.com\\\/#organization\"},\"alternateName\":\"Dlabuela Rent a Bike\",\"potentialAction\":[{\"@type\":\"SearchAction\",\"target\":{\"@type\":\"EntryPoint\",\"urlTemplate\":\"https:\\\/\\\/www.rentabikedlabuela.com\\\/?s={search_term_string}\"},\"query-input\":{\"@type\":\"PropertyValueSpecification\",\"valueRequired\":true,\"valueName\":\"search_term_string\"}}],\"inLanguage\":\"de\"},{\"@type\":\"Organization\",\"@id\":\"https:\\\/\\\/www.rentabikedlabuela.com\\\/#organization\",\"name\":\"Rent a Bike Dlabuela\",\"alternateName\":\"Dlabuela Rent a Bike\",\"url\":\"https:\\\/\\\/www.rentabikedlabuela.com\\\/\",\"logo\":{\"@type\":\"ImageObject\",\"inLanguage\":\"de\",\"@id\":\"https:\\\/\\\/www.rentabikedlabuela.com\\\/#\\\/schema\\\/logo\\\/image\\\/\",\"url\":\"https:\\\/\\\/www.rentabikedlabuela.com\\\/wp-content\\\/uploads\\\/rent-a-bike-dlabuela-logo.png\",\"contentUrl\":\"https:\\\/\\\/www.rentabikedlabuela.com\\\/wp-content\\\/uploads\\\/rent-a-bike-dlabuela-logo.png\",\"width\":1284,\"height\":642,\"caption\":\"Rent a Bike Dlabuela\"},\"image\":{\"@id\":\"https:\\\/\\\/www.rentabikedlabuela.com\\\/#\\\/schema\\\/logo\\\/image\\\/\"},\"sameAs\":[\"https:\\\/\\\/www.facebook.com\\\/Dlabuela\\\/\",\"https:\\\/\\\/www.instagram.com\\\/bike.dlabuela\\\/\"]}]}<\/script>\n<!-- \/ Yoast SEO plugin. -->","yoast_head_json":{"title":"Stornierungsbedingungen - Rent a Bike Dlabuela","robots":{"index":"index","follow":"follow","max-snippet":"max-snippet:-1","max-image-preview":"max-image-preview:large","max-video-preview":"max-video-preview:-1"},"canonical":"https:\/\/www.rentabikedlabuela.com\/de\/stornierungsbedingungen\/","og_locale":"de_DE","og_type":"article","og_title":"Stornierungsbedingungen - Rent a Bike Dlabuela","og_description":"Stornierungsbedingungen Es erfolgt eine vollst\u00e4ndige R\u00fcckerstattung bei einer Stornierung mit 72 Stunden Vorank\u00fcndigung des Miet Datums. Bei einer Stornierung mit 24 Stunden Vorank\u00fcndigung (w\u00e4hrend der B\u00fcrozeiten von 9:00 bis 19:00 Uhr) wird eine R\u00fcckerstattung von 50% gew\u00e4hrt. Stornierungen am selben Tag der Miete sind nicht m\u00f6glich. Eine vollst\u00e4ndige R\u00fcckerstattung erfolgt im Falle einer Stornierung der [&hellip;]","og_url":"https:\/\/www.rentabikedlabuela.com\/de\/stornierungsbedingungen\/","og_site_name":"Rent a Bike Dlabuela","article_publisher":"https:\/\/www.facebook.com\/Dlabuela\/","article_modified_time":"2025-03-10T13:29:37+00:00","og_image":[{"width":1920,"height":1440,"url":"https:\/\/www.rentabikedlabuela.com\/wp-content\/uploads\/Imagen-de-Inicio-n-1.jpg","type":"image\/jpeg"}],"twitter_card":"summary_large_image","twitter_misc":{"Gesch\u00e4tzte Lesezeit":"2\u00a0Minuten"},"schema":{"@context":"https:\/\/schema.org","@graph":[{"@type":"WebPage","@id":"https:\/\/www.rentabikedlabuela.com\/de\/stornierungsbedingungen\/","url":"https:\/\/www.rentabikedlabuela.com\/de\/stornierungsbedingungen\/","name":"Stornierungsbedingungen - Rent a Bike Dlabuela","isPartOf":{"@id":"https:\/\/www.rentabikedlabuela.com\/#website"},"datePublished":"2025-02-07T13:20:43+00:00","dateModified":"2025-03-10T13:29:37+00:00","breadcrumb":{"@id":"https:\/\/www.rentabikedlabuela.com\/de\/stornierungsbedingungen\/#breadcrumb"},"inLanguage":"de","potentialAction":[{"@type":"ReadAction","target":["https:\/\/www.rentabikedlabuela.com\/de\/stornierungsbedingungen\/"]}]},{"@type":"BreadcrumbList","@id":"https:\/\/www.rentabikedlabuela.com\/de\/stornierungsbedingungen\/#breadcrumb","itemListElement":[{"@type":"ListItem","position":1,"name":"Home","item":"https:\/\/www.rentabikedlabuela.com\/de\/startseite\/"},{"@type":"ListItem","position":2,"name":"Stornierungsbedingungen"}]},{"@type":"WebSite","@id":"https:\/\/www.rentabikedlabuela.com\/#website","url":"https:\/\/www.rentabikedlabuela.com\/","name":"Rent a Bike Dlabuela","description":"","publisher":{"@id":"https:\/\/www.rentabikedlabuela.com\/#organization"},"alternateName":"Dlabuela Rent a Bike","potentialAction":[{"@type":"SearchAction","target":{"@type":"EntryPoint","urlTemplate":"https:\/\/www.rentabikedlabuela.com\/?s={search_term_string}"},"query-input":{"@type":"PropertyValueSpecification","valueRequired":true,"valueName":"search_term_string"}}],"inLanguage":"de"},{"@type":"Organization","@id":"https:\/\/www.rentabikedlabuela.com\/#organization","name":"Rent a Bike Dlabuela","alternateName":"Dlabuela Rent a Bike","url":"https:\/\/www.rentabikedlabuela.com\/","logo":{"@type":"ImageObject","inLanguage":"de","@id":"https:\/\/www.rentabikedlabuela.com\/#\/schema\/logo\/image\/","url":"https:\/\/www.rentabikedlabuela.com\/wp-content\/uploads\/rent-a-bike-dlabuela-logo.png","contentUrl":"https:\/\/www.rentabikedlabuela.com\/wp-content\/uploads\/rent-a-bike-dlabuela-logo.png","width":1284,"height":642,"caption":"Rent a Bike Dlabuela"},"image":{"@id":"https:\/\/www.rentabikedlabuela.com\/#\/schema\/logo\/image\/"},"sameAs":["https:\/\/www.facebook.com\/Dlabuela\/","https:\/\/www.instagram.com\/bike.dlabuela\/"]}]}},"_links":{"self":[{"href":"https:\/\/www.rentabikedlabuela.com\/de\/wp-json\/wp\/v2\/pages\/1124","targetHints":{"allow":["GET"]}}],"collection":[{"href":"https:\/\/www.rentabikedlabuela.com\/de\/wp-json\/wp\/v2\/pages"}],"about":[{"href":"https:\/\/www.rentabikedlabuela.com\/de\/wp-json\/wp\/v2\/types\/page"}],"author":[{"embeddable":true,"href":"https:\/\/www.rentabikedlabuela.com\/de\/wp-json\/wp\/v2\/users\/1"}],"replies":[{"embeddable":true,"href":"https:\/\/www.rentabikedlabuela.com\/de\/wp-json\/wp\/v2\/comments?post=1124"}],"version-history":[{"count":0,"href":"https:\/\/www.rentabikedlabuela.com\/de\/wp-json\/wp\/v2\/pages\/1124\/revisions"}],"wp:attachment":[{"href":"https:\/\/www.rentabikedlabuela.com\/de\/wp-json\/wp\/v2\/media?parent=1124"}],"curies":[{"name":"wp","href":"https:\/\/api.w.org\/{rel}","templated":true}]}}