{"id":1489,"date":"2025-03-07T03:41:27","date_gmt":"2025-03-07T03:41:27","guid":{"rendered":"https:\/\/www.rentabikedlabuela.com\/bike-type\/radon-render-8-0-625-groesse-l-xl\/"},"modified":"2025-04-22T09:52:45","modified_gmt":"2025-04-22T09:52:45","slug":"radon-render-8-0-625-groesse-l-xl","status":"publish","type":"product","link":"https:\/\/www.rentabikedlabuela.com\/de\/produkt\/radon-render-8-0-625-groesse-l-xl\/","title":{"rendered":"BH iLYNK TRAIL 8.0 &#8211; Gr\u00f6\u00dfe  XL"},"content":{"rendered":"<p>Willst du ein Erlebnis mit Hochspannung? Miete eines unserer hochwertigen Elektro Mountainbikes und genie\u00dfe eine Bewegungsfreiheit, die dir hilft, die verstecktesten Ecken der \u00f6stlichen Costa del Sol in M\u00e1laga zu entdecken.<\/p>\n","protected":false},"excerpt":{"rendered":"<p>Erleben Sie ein Abenteuer in den Bergen von Benajarafe mit unserem fantastischen Elektrofahrrad mit Doppelfederung.<\/p>\n","protected":false},"featured_media":1838,"template":"","meta":{"_acf_changed":false},"product_brand":[],"product_cat":[70],"product_tag":[],"class_list":{"0":"post-1489","1":"product","2":"type-product","3":"status-publish","4":"has-post-thumbnail","6":"product_cat-e-mtb-full-de","8":"first","9":"instock","10":"virtual","11":"sold-individually","12":"purchasable","13":"product-type-jet_booking"},"acf":[],"yoast_head":"<!-- This site is optimized with the Yoast SEO plugin v27.3 - https:\/\/yoast.com\/product\/yoast-seo-wordpress\/ -->\n<title>BH iLYNK TRAIL 8.0 - Gr\u00f6\u00dfe XL - Rent a Bike Dlabuela<\/title>\n<meta name=\"robots\" content=\"index, follow, max-snippet:-1, max-image-preview:large, max-video-preview:-1\" \/>\n<link rel=\"canonical\" href=\"https:\/\/www.rentabikedlabuela.com\/de\/produkt\/radon-render-8-0-625-groesse-l-xl\/\" \/>\n<meta property=\"og:locale\" content=\"de_DE\" \/>\n<meta property=\"og:type\" content=\"article\" \/>\n<meta property=\"og:title\" content=\"BH iLYNK TRAIL 8.0 - Gr\u00f6\u00dfe XL - Rent a Bike Dlabuela\" \/>\n<meta property=\"og:description\" content=\"Erleben Sie ein Abenteuer in den Bergen von Benajarafe mit unserem fantastischen Elektrofahrrad mit Doppelfederung.\" \/>\n<meta property=\"og:url\" content=\"https:\/\/www.rentabikedlabuela.com\/de\/produkt\/radon-render-8-0-625-groesse-l-xl\/\" \/>\n<meta property=\"og:site_name\" content=\"Rent a Bike Dlabuela\" \/>\n<meta property=\"article:publisher\" content=\"https:\/\/www.facebook.com\/Dlabuela\/\" \/>\n<meta property=\"article:modified_time\" content=\"2025-04-22T09:52:45+00:00\" \/>\n<meta property=\"og:image\" content=\"https:\/\/www.rentabikedlabuela.com\/wp-content\/uploads\/bike-rental-dlabuela-7.jpg\" \/>\n\t<meta property=\"og:image:width\" content=\"600\" \/>\n\t<meta property=\"og:image:height\" content=\"600\" \/>\n\t<meta property=\"og:image:type\" content=\"image\/jpeg\" \/>\n<meta name=\"twitter:card\" content=\"summary_large_image\" \/>\n<meta name=\"twitter:label1\" content=\"Gesch\u00e4tzte Lesezeit\" \/>\n\t<meta name=\"twitter:data1\" content=\"1\u00a0Minute\" \/>\n<script type=\"application\/ld+json\" class=\"yoast-schema-graph\">{\"@context\":\"https:\\\/\\\/schema.org\",\"@graph\":[{\"@type\":\"WebPage\",\"@id\":\"https:\\\/\\\/www.rentabikedlabuela.com\\\/de\\\/produkt\\\/radon-render-8-0-625-groesse-l-xl\\\/\",\"url\":\"https:\\\/\\\/www.rentabikedlabuela.com\\\/de\\\/produkt\\\/radon-render-8-0-625-groesse-l-xl\\\/\",\"name\":\"BH iLYNK TRAIL 8.0 - Gr\u00f6\u00dfe XL - Rent a Bike Dlabuela\",\"isPartOf\":{\"@id\":\"https:\\\/\\\/www.rentabikedlabuela.com\\\/#website\"},\"primaryImageOfPage\":{\"@id\":\"https:\\\/\\\/www.rentabikedlabuela.com\\\/de\\\/produkt\\\/radon-render-8-0-625-groesse-l-xl\\\/#primaryimage\"},\"image\":{\"@id\":\"https:\\\/\\\/www.rentabikedlabuela.com\\\/de\\\/produkt\\\/radon-render-8-0-625-groesse-l-xl\\\/#primaryimage\"},\"thumbnailUrl\":\"https:\\\/\\\/www.rentabikedlabuela.com\\\/wp-content\\\/uploads\\\/bike-rental-dlabuela-7.jpg\",\"datePublished\":\"2025-03-07T03:41:27+00:00\",\"dateModified\":\"2025-04-22T09:52:45+00:00\",\"breadcrumb\":{\"@id\":\"https:\\\/\\\/www.rentabikedlabuela.com\\\/de\\\/produkt\\\/radon-render-8-0-625-groesse-l-xl\\\/#breadcrumb\"},\"inLanguage\":\"de\",\"potentialAction\":[{\"@type\":\"ReadAction\",\"target\":[\"https:\\\/\\\/www.rentabikedlabuela.com\\\/de\\\/produkt\\\/radon-render-8-0-625-groesse-l-xl\\\/\"]}]},{\"@type\":\"ImageObject\",\"inLanguage\":\"de\",\"@id\":\"https:\\\/\\\/www.rentabikedlabuela.com\\\/de\\\/produkt\\\/radon-render-8-0-625-groesse-l-xl\\\/#primaryimage\",\"url\":\"https:\\\/\\\/www.rentabikedlabuela.com\\\/wp-content\\\/uploads\\\/bike-rental-dlabuela-7.jpg\",\"contentUrl\":\"https:\\\/\\\/www.rentabikedlabuela.com\\\/wp-content\\\/uploads\\\/bike-rental-dlabuela-7.jpg\",\"width\":600,\"height\":600},{\"@type\":\"BreadcrumbList\",\"@id\":\"https:\\\/\\\/www.rentabikedlabuela.com\\\/de\\\/produkt\\\/radon-render-8-0-625-groesse-l-xl\\\/#breadcrumb\",\"itemListElement\":[{\"@type\":\"ListItem\",\"position\":1,\"name\":\"Home\",\"item\":\"https:\\\/\\\/www.rentabikedlabuela.com\\\/de\\\/startseite\\\/\"},{\"@type\":\"ListItem\",\"position\":2,\"name\":\"Shop\",\"item\":\"https:\\\/\\\/www.rentabikedlabuela.com\\\/de\\\/shop\\\/\"},{\"@type\":\"ListItem\",\"position\":3,\"name\":\"BH iLYNK TRAIL 8.0 &#8211; Gr\u00f6\u00dfe XL\"}]},{\"@type\":\"WebSite\",\"@id\":\"https:\\\/\\\/www.rentabikedlabuela.com\\\/#website\",\"url\":\"https:\\\/\\\/www.rentabikedlabuela.com\\\/\",\"name\":\"Rent a Bike Dlabuela\",\"description\":\"\",\"publisher\":{\"@id\":\"https:\\\/\\\/www.rentabikedlabuela.com\\\/#organization\"},\"alternateName\":\"Dlabuela Rent a Bike\",\"potentialAction\":[{\"@type\":\"SearchAction\",\"target\":{\"@type\":\"EntryPoint\",\"urlTemplate\":\"https:\\\/\\\/www.rentabikedlabuela.com\\\/?s={search_term_string}\"},\"query-input\":{\"@type\":\"PropertyValueSpecification\",\"valueRequired\":true,\"valueName\":\"search_term_string\"}}],\"inLanguage\":\"de\"},{\"@type\":\"Organization\",\"@id\":\"https:\\\/\\\/www.rentabikedlabuela.com\\\/#organization\",\"name\":\"Rent a Bike Dlabuela\",\"alternateName\":\"Dlabuela Rent a Bike\",\"url\":\"https:\\\/\\\/www.rentabikedlabuela.com\\\/\",\"logo\":{\"@type\":\"ImageObject\",\"inLanguage\":\"de\",\"@id\":\"https:\\\/\\\/www.rentabikedlabuela.com\\\/#\\\/schema\\\/logo\\\/image\\\/\",\"url\":\"https:\\\/\\\/www.rentabikedlabuela.com\\\/wp-content\\\/uploads\\\/rent-a-bike-dlabuela-logo.png\",\"contentUrl\":\"https:\\\/\\\/www.rentabikedlabuela.com\\\/wp-content\\\/uploads\\\/rent-a-bike-dlabuela-logo.png\",\"width\":1284,\"height\":642,\"caption\":\"Rent a Bike Dlabuela\"},\"image\":{\"@id\":\"https:\\\/\\\/www.rentabikedlabuela.com\\\/#\\\/schema\\\/logo\\\/image\\\/\"},\"sameAs\":[\"https:\\\/\\\/www.facebook.com\\\/Dlabuela\\\/\",\"https:\\\/\\\/www.instagram.com\\\/bike.dlabuela\\\/\"]}]}<\/script>\n<!-- \/ Yoast SEO plugin. -->","yoast_head_json":{"title":"BH iLYNK TRAIL 8.0 - Gr\u00f6\u00dfe XL - Rent a Bike Dlabuela","robots":{"index":"index","follow":"follow","max-snippet":"max-snippet:-1","max-image-preview":"max-image-preview:large","max-video-preview":"max-video-preview:-1"},"canonical":"https:\/\/www.rentabikedlabuela.com\/de\/produkt\/radon-render-8-0-625-groesse-l-xl\/","og_locale":"de_DE","og_type":"article","og_title":"BH iLYNK TRAIL 8.0 - Gr\u00f6\u00dfe XL - Rent a Bike Dlabuela","og_description":"Erleben Sie ein Abenteuer in den Bergen von Benajarafe mit unserem fantastischen Elektrofahrrad mit Doppelfederung.","og_url":"https:\/\/www.rentabikedlabuela.com\/de\/produkt\/radon-render-8-0-625-groesse-l-xl\/","og_site_name":"Rent a Bike Dlabuela","article_publisher":"https:\/\/www.facebook.com\/Dlabuela\/","article_modified_time":"2025-04-22T09:52:45+00:00","og_image":[{"width":600,"height":600,"url":"https:\/\/www.rentabikedlabuela.com\/wp-content\/uploads\/bike-rental-dlabuela-7.jpg","type":"image\/jpeg"}],"twitter_card":"summary_large_image","twitter_misc":{"Gesch\u00e4tzte Lesezeit":"1\u00a0Minute"},"schema":{"@context":"https:\/\/schema.org","@graph":[{"@type":"WebPage","@id":"https:\/\/www.rentabikedlabuela.com\/de\/produkt\/radon-render-8-0-625-groesse-l-xl\/","url":"https:\/\/www.rentabikedlabuela.com\/de\/produkt\/radon-render-8-0-625-groesse-l-xl\/","name":"BH iLYNK TRAIL 8.0 - Gr\u00f6\u00dfe XL - Rent a Bike Dlabuela","isPartOf":{"@id":"https:\/\/www.rentabikedlabuela.com\/#website"},"primaryImageOfPage":{"@id":"https:\/\/www.rentabikedlabuela.com\/de\/produkt\/radon-render-8-0-625-groesse-l-xl\/#primaryimage"},"image":{"@id":"https:\/\/www.rentabikedlabuela.com\/de\/produkt\/radon-render-8-0-625-groesse-l-xl\/#primaryimage"},"thumbnailUrl":"https:\/\/www.rentabikedlabuela.com\/wp-content\/uploads\/bike-rental-dlabuela-7.jpg","datePublished":"2025-03-07T03:41:27+00:00","dateModified":"2025-04-22T09:52:45+00:00","breadcrumb":{"@id":"https:\/\/www.rentabikedlabuela.com\/de\/produkt\/radon-render-8-0-625-groesse-l-xl\/#breadcrumb"},"inLanguage":"de","potentialAction":[{"@type":"ReadAction","target":["https:\/\/www.rentabikedlabuela.com\/de\/produkt\/radon-render-8-0-625-groesse-l-xl\/"]}]},{"@type":"ImageObject","inLanguage":"de","@id":"https:\/\/www.rentabikedlabuela.com\/de\/produkt\/radon-render-8-0-625-groesse-l-xl\/#primaryimage","url":"https:\/\/www.rentabikedlabuela.com\/wp-content\/uploads\/bike-rental-dlabuela-7.jpg","contentUrl":"https:\/\/www.rentabikedlabuela.com\/wp-content\/uploads\/bike-rental-dlabuela-7.jpg","width":600,"height":600},{"@type":"BreadcrumbList","@id":"https:\/\/www.rentabikedlabuela.com\/de\/produkt\/radon-render-8-0-625-groesse-l-xl\/#breadcrumb","itemListElement":[{"@type":"ListItem","position":1,"name":"Home","item":"https:\/\/www.rentabikedlabuela.com\/de\/startseite\/"},{"@type":"ListItem","position":2,"name":"Shop","item":"https:\/\/www.rentabikedlabuela.com\/de\/shop\/"},{"@type":"ListItem","position":3,"name":"BH iLYNK TRAIL 8.0 &#8211; Gr\u00f6\u00dfe XL"}]},{"@type":"WebSite","@id":"https:\/\/www.rentabikedlabuela.com\/#website","url":"https:\/\/www.rentabikedlabuela.com\/","name":"Rent a Bike Dlabuela","description":"","publisher":{"@id":"https:\/\/www.rentabikedlabuela.com\/#organization"},"alternateName":"Dlabuela Rent a Bike","potentialAction":[{"@type":"SearchAction","target":{"@type":"EntryPoint","urlTemplate":"https:\/\/www.rentabikedlabuela.com\/?s={search_term_string}"},"query-input":{"@type":"PropertyValueSpecification","valueRequired":true,"valueName":"search_term_string"}}],"inLanguage":"de"},{"@type":"Organization","@id":"https:\/\/www.rentabikedlabuela.com\/#organization","name":"Rent a Bike Dlabuela","alternateName":"Dlabuela Rent a Bike","url":"https:\/\/www.rentabikedlabuela.com\/","logo":{"@type":"ImageObject","inLanguage":"de","@id":"https:\/\/www.rentabikedlabuela.com\/#\/schema\/logo\/image\/","url":"https:\/\/www.rentabikedlabuela.com\/wp-content\/uploads\/rent-a-bike-dlabuela-logo.png","contentUrl":"https:\/\/www.rentabikedlabuela.com\/wp-content\/uploads\/rent-a-bike-dlabuela-logo.png","width":1284,"height":642,"caption":"Rent a Bike Dlabuela"},"image":{"@id":"https:\/\/www.rentabikedlabuela.com\/#\/schema\/logo\/image\/"},"sameAs":["https:\/\/www.facebook.com\/Dlabuela\/","https:\/\/www.instagram.com\/bike.dlabuela\/"]}]}},"_links":{"self":[{"href":"https:\/\/www.rentabikedlabuela.com\/de\/wp-json\/wp\/v2\/product\/1489","targetHints":{"allow":["GET"]}}],"collection":[{"href":"https:\/\/www.rentabikedlabuela.com\/de\/wp-json\/wp\/v2\/product"}],"about":[{"href":"https:\/\/www.rentabikedlabuela.com\/de\/wp-json\/wp\/v2\/types\/product"}],"wp:featuredmedia":[{"embeddable":true,"href":"https:\/\/www.rentabikedlabuela.com\/de\/wp-json\/wp\/v2\/media\/1838"}],"wp:attachment":[{"href":"https:\/\/www.rentabikedlabuela.com\/de\/wp-json\/wp\/v2\/media?parent=1489"}],"wp:term":[{"taxonomy":"product_brand","embeddable":true,"href":"https:\/\/www.rentabikedlabuela.com\/de\/wp-json\/wp\/v2\/product_brand?post=1489"},{"taxonomy":"product_cat","embeddable":true,"href":"https:\/\/www.rentabikedlabuela.com\/de\/wp-json\/wp\/v2\/product_cat?post=1489"},{"taxonomy":"product_tag","embeddable":true,"href":"https:\/\/www.rentabikedlabuela.com\/de\/wp-json\/wp\/v2\/product_tag?post=1489"}],"curies":[{"name":"wp","href":"https:\/\/api.w.org\/{rel}","templated":true}]}}