{"id":1510,"date":"2025-03-07T03:44:54","date_gmt":"2025-03-07T03:44:54","guid":{"rendered":"https:\/\/www.rentabikedlabuela.com\/bike-type\/orbea-mx-24-team-disc-275-135cm-165cm\/"},"modified":"2025-04-22T09:52:44","modified_gmt":"2025-04-22T09:52:44","slug":"orbea-mx-24-team-disc-275-135cm-165cm","status":"publish","type":"product","link":"https:\/\/www.rentabikedlabuela.com\/de\/produkt\/orbea-mx-24-team-disc-275-135cm-165cm\/","title":{"rendered":"Orbea Mx 24&#8243; Team Disc, 27,5&#8243; &#8211; (135cm-165cm)"},"content":{"rendered":"<p>Wenn du einen Familienausflug planst und deine Kinder auf ihrem eigenen Fahrrad mitfahren m\u00f6chten, miete eines unserer Kinderfahrr\u00e4der, die in den Gr\u00f6\u00dfe 16&#8243; bis 26 erh\u00e4ltlich sind. Vergiss nicht, uns die Gr\u00f6\u00dfe deines Kindes mitzuteilen, damit wir das passende Fahrrad f\u00fcr ihn oder sie bereitstellen k\u00f6nnen.<\/p>\n","protected":false},"excerpt":{"rendered":"<p>Nehmen Sie Ihre Kinder mit auf den K\u00fcstenweg und mieten Sie ein Fahrrad in ihrer Gr\u00f6\u00dfe. Vergessen Sie nicht, uns in den Kommentaren die Gr\u00f6\u00dfe Ihres Kindes mitzuteilen.<\/p>\n","protected":false},"featured_media":1834,"template":"","meta":{"_acf_changed":false},"product_brand":[],"product_cat":[76],"product_tag":[],"class_list":{"0":"post-1510","1":"product","2":"type-product","3":"status-publish","4":"has-post-thumbnail","6":"product_cat-fahrrad-kinder","8":"first","9":"instock","10":"virtual","11":"sold-individually","12":"purchasable","13":"product-type-jet_booking"},"acf":[],"yoast_head":"<!-- This site is optimized with the Yoast SEO plugin v27.3 - https:\/\/yoast.com\/product\/yoast-seo-wordpress\/ -->\n<title>Orbea Mx 24&quot; Team Disc, 27,5&quot; - (135cm-165cm) - Rent a Bike Dlabuela<\/title>\n<meta name=\"robots\" content=\"index, follow, max-snippet:-1, max-image-preview:large, max-video-preview:-1\" \/>\n<link rel=\"canonical\" href=\"https:\/\/www.rentabikedlabuela.com\/de\/produkt\/orbea-mx-24-team-disc-275-135cm-165cm\/\" \/>\n<meta property=\"og:locale\" content=\"de_DE\" \/>\n<meta property=\"og:type\" content=\"article\" \/>\n<meta property=\"og:title\" content=\"Orbea Mx 24&quot; Team Disc, 27,5&quot; - (135cm-165cm) - Rent a Bike Dlabuela\" \/>\n<meta property=\"og:description\" content=\"Nehmen Sie Ihre Kinder mit auf den K\u00fcstenweg und mieten Sie ein Fahrrad in ihrer Gr\u00f6\u00dfe. Vergessen Sie nicht, uns in den Kommentaren die Gr\u00f6\u00dfe Ihres Kindes mitzuteilen.\" \/>\n<meta property=\"og:url\" content=\"https:\/\/www.rentabikedlabuela.com\/de\/produkt\/orbea-mx-24-team-disc-275-135cm-165cm\/\" \/>\n<meta property=\"og:site_name\" content=\"Rent a Bike Dlabuela\" \/>\n<meta property=\"article:publisher\" content=\"https:\/\/www.facebook.com\/Dlabuela\/\" \/>\n<meta property=\"article:modified_time\" content=\"2025-04-22T09:52:44+00:00\" \/>\n<meta property=\"og:image\" content=\"https:\/\/www.rentabikedlabuela.com\/wp-content\/uploads\/bike-rental-7.jpg\" \/>\n\t<meta property=\"og:image:width\" content=\"600\" \/>\n\t<meta property=\"og:image:height\" content=\"600\" \/>\n\t<meta property=\"og:image:type\" content=\"image\/jpeg\" \/>\n<meta name=\"twitter:card\" content=\"summary_large_image\" \/>\n<meta name=\"twitter:label1\" content=\"Gesch\u00e4tzte Lesezeit\" \/>\n\t<meta name=\"twitter:data1\" content=\"1\u00a0Minute\" \/>\n<script type=\"application\/ld+json\" class=\"yoast-schema-graph\">{\"@context\":\"https:\\\/\\\/schema.org\",\"@graph\":[{\"@type\":\"WebPage\",\"@id\":\"https:\\\/\\\/www.rentabikedlabuela.com\\\/de\\\/produkt\\\/orbea-mx-24-team-disc-275-135cm-165cm\\\/\",\"url\":\"https:\\\/\\\/www.rentabikedlabuela.com\\\/de\\\/produkt\\\/orbea-mx-24-team-disc-275-135cm-165cm\\\/\",\"name\":\"Orbea Mx 24\\\" Team Disc, 27,5\\\" - (135cm-165cm) - Rent a Bike Dlabuela\",\"isPartOf\":{\"@id\":\"https:\\\/\\\/www.rentabikedlabuela.com\\\/#website\"},\"primaryImageOfPage\":{\"@id\":\"https:\\\/\\\/www.rentabikedlabuela.com\\\/de\\\/produkt\\\/orbea-mx-24-team-disc-275-135cm-165cm\\\/#primaryimage\"},\"image\":{\"@id\":\"https:\\\/\\\/www.rentabikedlabuela.com\\\/de\\\/produkt\\\/orbea-mx-24-team-disc-275-135cm-165cm\\\/#primaryimage\"},\"thumbnailUrl\":\"https:\\\/\\\/www.rentabikedlabuela.com\\\/wp-content\\\/uploads\\\/bike-rental-7.jpg\",\"datePublished\":\"2025-03-07T03:44:54+00:00\",\"dateModified\":\"2025-04-22T09:52:44+00:00\",\"breadcrumb\":{\"@id\":\"https:\\\/\\\/www.rentabikedlabuela.com\\\/de\\\/produkt\\\/orbea-mx-24-team-disc-275-135cm-165cm\\\/#breadcrumb\"},\"inLanguage\":\"de\",\"potentialAction\":[{\"@type\":\"ReadAction\",\"target\":[\"https:\\\/\\\/www.rentabikedlabuela.com\\\/de\\\/produkt\\\/orbea-mx-24-team-disc-275-135cm-165cm\\\/\"]}]},{\"@type\":\"ImageObject\",\"inLanguage\":\"de\",\"@id\":\"https:\\\/\\\/www.rentabikedlabuela.com\\\/de\\\/produkt\\\/orbea-mx-24-team-disc-275-135cm-165cm\\\/#primaryimage\",\"url\":\"https:\\\/\\\/www.rentabikedlabuela.com\\\/wp-content\\\/uploads\\\/bike-rental-7.jpg\",\"contentUrl\":\"https:\\\/\\\/www.rentabikedlabuela.com\\\/wp-content\\\/uploads\\\/bike-rental-7.jpg\",\"width\":600,\"height\":600},{\"@type\":\"BreadcrumbList\",\"@id\":\"https:\\\/\\\/www.rentabikedlabuela.com\\\/de\\\/produkt\\\/orbea-mx-24-team-disc-275-135cm-165cm\\\/#breadcrumb\",\"itemListElement\":[{\"@type\":\"ListItem\",\"position\":1,\"name\":\"Home\",\"item\":\"https:\\\/\\\/www.rentabikedlabuela.com\\\/de\\\/startseite\\\/\"},{\"@type\":\"ListItem\",\"position\":2,\"name\":\"Shop\",\"item\":\"https:\\\/\\\/www.rentabikedlabuela.com\\\/de\\\/shop\\\/\"},{\"@type\":\"ListItem\",\"position\":3,\"name\":\"Orbea Mx 24&#8243; Team Disc, 27,5&#8243; &#8211; (135cm-165cm)\"}]},{\"@type\":\"WebSite\",\"@id\":\"https:\\\/\\\/www.rentabikedlabuela.com\\\/#website\",\"url\":\"https:\\\/\\\/www.rentabikedlabuela.com\\\/\",\"name\":\"Rent a Bike Dlabuela\",\"description\":\"\",\"publisher\":{\"@id\":\"https:\\\/\\\/www.rentabikedlabuela.com\\\/#organization\"},\"alternateName\":\"Dlabuela Rent a Bike\",\"potentialAction\":[{\"@type\":\"SearchAction\",\"target\":{\"@type\":\"EntryPoint\",\"urlTemplate\":\"https:\\\/\\\/www.rentabikedlabuela.com\\\/?s={search_term_string}\"},\"query-input\":{\"@type\":\"PropertyValueSpecification\",\"valueRequired\":true,\"valueName\":\"search_term_string\"}}],\"inLanguage\":\"de\"},{\"@type\":\"Organization\",\"@id\":\"https:\\\/\\\/www.rentabikedlabuela.com\\\/#organization\",\"name\":\"Rent a Bike Dlabuela\",\"alternateName\":\"Dlabuela Rent a Bike\",\"url\":\"https:\\\/\\\/www.rentabikedlabuela.com\\\/\",\"logo\":{\"@type\":\"ImageObject\",\"inLanguage\":\"de\",\"@id\":\"https:\\\/\\\/www.rentabikedlabuela.com\\\/#\\\/schema\\\/logo\\\/image\\\/\",\"url\":\"https:\\\/\\\/www.rentabikedlabuela.com\\\/wp-content\\\/uploads\\\/rent-a-bike-dlabuela-logo.png\",\"contentUrl\":\"https:\\\/\\\/www.rentabikedlabuela.com\\\/wp-content\\\/uploads\\\/rent-a-bike-dlabuela-logo.png\",\"width\":1284,\"height\":642,\"caption\":\"Rent a Bike Dlabuela\"},\"image\":{\"@id\":\"https:\\\/\\\/www.rentabikedlabuela.com\\\/#\\\/schema\\\/logo\\\/image\\\/\"},\"sameAs\":[\"https:\\\/\\\/www.facebook.com\\\/Dlabuela\\\/\",\"https:\\\/\\\/www.instagram.com\\\/bike.dlabuela\\\/\"]}]}<\/script>\n<!-- \/ Yoast SEO plugin. -->","yoast_head_json":{"title":"Orbea Mx 24\" Team Disc, 27,5\" - (135cm-165cm) - Rent a Bike Dlabuela","robots":{"index":"index","follow":"follow","max-snippet":"max-snippet:-1","max-image-preview":"max-image-preview:large","max-video-preview":"max-video-preview:-1"},"canonical":"https:\/\/www.rentabikedlabuela.com\/de\/produkt\/orbea-mx-24-team-disc-275-135cm-165cm\/","og_locale":"de_DE","og_type":"article","og_title":"Orbea Mx 24\" Team Disc, 27,5\" - (135cm-165cm) - Rent a Bike Dlabuela","og_description":"Nehmen Sie Ihre Kinder mit auf den K\u00fcstenweg und mieten Sie ein Fahrrad in ihrer Gr\u00f6\u00dfe. Vergessen Sie nicht, uns in den Kommentaren die Gr\u00f6\u00dfe Ihres Kindes mitzuteilen.","og_url":"https:\/\/www.rentabikedlabuela.com\/de\/produkt\/orbea-mx-24-team-disc-275-135cm-165cm\/","og_site_name":"Rent a Bike Dlabuela","article_publisher":"https:\/\/www.facebook.com\/Dlabuela\/","article_modified_time":"2025-04-22T09:52:44+00:00","og_image":[{"width":600,"height":600,"url":"https:\/\/www.rentabikedlabuela.com\/wp-content\/uploads\/bike-rental-7.jpg","type":"image\/jpeg"}],"twitter_card":"summary_large_image","twitter_misc":{"Gesch\u00e4tzte Lesezeit":"1\u00a0Minute"},"schema":{"@context":"https:\/\/schema.org","@graph":[{"@type":"WebPage","@id":"https:\/\/www.rentabikedlabuela.com\/de\/produkt\/orbea-mx-24-team-disc-275-135cm-165cm\/","url":"https:\/\/www.rentabikedlabuela.com\/de\/produkt\/orbea-mx-24-team-disc-275-135cm-165cm\/","name":"Orbea Mx 24\" Team Disc, 27,5\" - (135cm-165cm) - Rent a Bike Dlabuela","isPartOf":{"@id":"https:\/\/www.rentabikedlabuela.com\/#website"},"primaryImageOfPage":{"@id":"https:\/\/www.rentabikedlabuela.com\/de\/produkt\/orbea-mx-24-team-disc-275-135cm-165cm\/#primaryimage"},"image":{"@id":"https:\/\/www.rentabikedlabuela.com\/de\/produkt\/orbea-mx-24-team-disc-275-135cm-165cm\/#primaryimage"},"thumbnailUrl":"https:\/\/www.rentabikedlabuela.com\/wp-content\/uploads\/bike-rental-7.jpg","datePublished":"2025-03-07T03:44:54+00:00","dateModified":"2025-04-22T09:52:44+00:00","breadcrumb":{"@id":"https:\/\/www.rentabikedlabuela.com\/de\/produkt\/orbea-mx-24-team-disc-275-135cm-165cm\/#breadcrumb"},"inLanguage":"de","potentialAction":[{"@type":"ReadAction","target":["https:\/\/www.rentabikedlabuela.com\/de\/produkt\/orbea-mx-24-team-disc-275-135cm-165cm\/"]}]},{"@type":"ImageObject","inLanguage":"de","@id":"https:\/\/www.rentabikedlabuela.com\/de\/produkt\/orbea-mx-24-team-disc-275-135cm-165cm\/#primaryimage","url":"https:\/\/www.rentabikedlabuela.com\/wp-content\/uploads\/bike-rental-7.jpg","contentUrl":"https:\/\/www.rentabikedlabuela.com\/wp-content\/uploads\/bike-rental-7.jpg","width":600,"height":600},{"@type":"BreadcrumbList","@id":"https:\/\/www.rentabikedlabuela.com\/de\/produkt\/orbea-mx-24-team-disc-275-135cm-165cm\/#breadcrumb","itemListElement":[{"@type":"ListItem","position":1,"name":"Home","item":"https:\/\/www.rentabikedlabuela.com\/de\/startseite\/"},{"@type":"ListItem","position":2,"name":"Shop","item":"https:\/\/www.rentabikedlabuela.com\/de\/shop\/"},{"@type":"ListItem","position":3,"name":"Orbea Mx 24&#8243; Team Disc, 27,5&#8243; &#8211; (135cm-165cm)"}]},{"@type":"WebSite","@id":"https:\/\/www.rentabikedlabuela.com\/#website","url":"https:\/\/www.rentabikedlabuela.com\/","name":"Rent a Bike Dlabuela","description":"","publisher":{"@id":"https:\/\/www.rentabikedlabuela.com\/#organization"},"alternateName":"Dlabuela Rent a Bike","potentialAction":[{"@type":"SearchAction","target":{"@type":"EntryPoint","urlTemplate":"https:\/\/www.rentabikedlabuela.com\/?s={search_term_string}"},"query-input":{"@type":"PropertyValueSpecification","valueRequired":true,"valueName":"search_term_string"}}],"inLanguage":"de"},{"@type":"Organization","@id":"https:\/\/www.rentabikedlabuela.com\/#organization","name":"Rent a Bike Dlabuela","alternateName":"Dlabuela Rent a Bike","url":"https:\/\/www.rentabikedlabuela.com\/","logo":{"@type":"ImageObject","inLanguage":"de","@id":"https:\/\/www.rentabikedlabuela.com\/#\/schema\/logo\/image\/","url":"https:\/\/www.rentabikedlabuela.com\/wp-content\/uploads\/rent-a-bike-dlabuela-logo.png","contentUrl":"https:\/\/www.rentabikedlabuela.com\/wp-content\/uploads\/rent-a-bike-dlabuela-logo.png","width":1284,"height":642,"caption":"Rent a Bike Dlabuela"},"image":{"@id":"https:\/\/www.rentabikedlabuela.com\/#\/schema\/logo\/image\/"},"sameAs":["https:\/\/www.facebook.com\/Dlabuela\/","https:\/\/www.instagram.com\/bike.dlabuela\/"]}]}},"_links":{"self":[{"href":"https:\/\/www.rentabikedlabuela.com\/de\/wp-json\/wp\/v2\/product\/1510","targetHints":{"allow":["GET"]}}],"collection":[{"href":"https:\/\/www.rentabikedlabuela.com\/de\/wp-json\/wp\/v2\/product"}],"about":[{"href":"https:\/\/www.rentabikedlabuela.com\/de\/wp-json\/wp\/v2\/types\/product"}],"wp:featuredmedia":[{"embeddable":true,"href":"https:\/\/www.rentabikedlabuela.com\/de\/wp-json\/wp\/v2\/media\/1834"}],"wp:attachment":[{"href":"https:\/\/www.rentabikedlabuela.com\/de\/wp-json\/wp\/v2\/media?parent=1510"}],"wp:term":[{"taxonomy":"product_brand","embeddable":true,"href":"https:\/\/www.rentabikedlabuela.com\/de\/wp-json\/wp\/v2\/product_brand?post=1510"},{"taxonomy":"product_cat","embeddable":true,"href":"https:\/\/www.rentabikedlabuela.com\/de\/wp-json\/wp\/v2\/product_cat?post=1510"},{"taxonomy":"product_tag","embeddable":true,"href":"https:\/\/www.rentabikedlabuela.com\/de\/wp-json\/wp\/v2\/product_tag?post=1510"}],"curies":[{"name":"wp","href":"https:\/\/api.w.org\/{rel}","templated":true}]}}