{"id":2043,"date":"2026-02-16T17:46:32","date_gmt":"2026-02-16T17:46:32","guid":{"rendered":"https:\/\/www.rentabikedlabuela.com\/bike-type\/bianchi-sprint-icr-105-24-speed-size-l\/"},"modified":"2026-02-16T17:46:32","modified_gmt":"2026-02-16T17:46:32","slug":"bianchi-sprint-icr-105-24-speed-size-l","status":"publish","type":"product","link":"https:\/\/www.rentabikedlabuela.com\/de\/produkt\/bianchi-sprint-icr-105-24-speed-size-l\/","title":{"rendered":"BIANCHI SPRINT ICR 105 24 SPEED &#8211; SIZE L"},"content":{"rendered":"<p>Miete unsere Rennr\u00e4der Setzen dein Training w\u00e4hrend deines Urlaubs an der Costa del Sol fort. Du kannst eines unserer Rennr\u00e4der mit Look-Pedalsystem w\u00e4hlen. Bring deine Shuhe mit, und wir stellen dir das Fahrrad zur Verf\u00fcgung.<\/p>\n","protected":false},"excerpt":{"rendered":"<p>Miete unsere Rennr\u00e4der Setzen dein Training w\u00e4hrend deines Urlaubs an der Costa del Sol fort. Du kannst eines unserer Rennr\u00e4der mit Look-Pedalsystem w\u00e4hlen. Bring deine Shuhe mit, und wir stellen dir das Fahrrad zur Verf\u00fcgung.<\/p>\n","protected":false},"featured_media":2038,"template":"","meta":{"_acf_changed":false},"product_brand":[],"product_cat":[77],"product_tag":[],"class_list":{"0":"post-2043","1":"product","2":"type-product","3":"status-publish","4":"has-post-thumbnail","6":"product_cat-rennrad","8":"first","9":"instock","10":"virtual","11":"sold-individually","12":"purchasable","13":"product-type-jet_booking"},"acf":[],"yoast_head":"<!-- This site is optimized with the Yoast SEO plugin v27.3 - https:\/\/yoast.com\/product\/yoast-seo-wordpress\/ -->\n<title>BIANCHI SPRINT ICR 105 24 SPEED - SIZE L - Rent a Bike Dlabuela<\/title>\n<meta name=\"robots\" content=\"index, follow, max-snippet:-1, max-image-preview:large, max-video-preview:-1\" \/>\n<link rel=\"canonical\" href=\"https:\/\/www.rentabikedlabuela.com\/de\/produkt\/bianchi-sprint-icr-105-24-speed-size-l\/\" \/>\n<meta property=\"og:locale\" content=\"de_DE\" \/>\n<meta property=\"og:type\" content=\"article\" \/>\n<meta property=\"og:title\" content=\"BIANCHI SPRINT ICR 105 24 SPEED - SIZE L - Rent a Bike Dlabuela\" \/>\n<meta property=\"og:description\" content=\"Miete unsere Rennr\u00e4der Setzen dein Training w\u00e4hrend deines Urlaubs an der Costa del Sol fort. Du kannst eines unserer Rennr\u00e4der mit Look-Pedalsystem w\u00e4hlen. Bring deine Shuhe mit, und wir stellen dir das Fahrrad zur Verf\u00fcgung.\" \/>\n<meta property=\"og:url\" content=\"https:\/\/www.rentabikedlabuela.com\/de\/produkt\/bianchi-sprint-icr-105-24-speed-size-l\/\" \/>\n<meta property=\"og:site_name\" content=\"Rent a Bike Dlabuela\" \/>\n<meta property=\"article:publisher\" content=\"https:\/\/www.facebook.com\/Dlabuela\/\" \/>\n<meta property=\"og:image\" content=\"https:\/\/www.rentabikedlabuela.com\/wp-content\/uploads\/Bianchi-road-bike.jpg\" \/>\n\t<meta property=\"og:image:width\" content=\"600\" \/>\n\t<meta property=\"og:image:height\" content=\"600\" \/>\n\t<meta property=\"og:image:type\" content=\"image\/jpeg\" \/>\n<meta name=\"twitter:card\" content=\"summary_large_image\" \/>\n<script type=\"application\/ld+json\" class=\"yoast-schema-graph\">{\"@context\":\"https:\\\/\\\/schema.org\",\"@graph\":[{\"@type\":\"WebPage\",\"@id\":\"https:\\\/\\\/www.rentabikedlabuela.com\\\/de\\\/produkt\\\/bianchi-sprint-icr-105-24-speed-size-l\\\/\",\"url\":\"https:\\\/\\\/www.rentabikedlabuela.com\\\/de\\\/produkt\\\/bianchi-sprint-icr-105-24-speed-size-l\\\/\",\"name\":\"BIANCHI SPRINT ICR 105 24 SPEED - SIZE L - Rent a Bike Dlabuela\",\"isPartOf\":{\"@id\":\"https:\\\/\\\/www.rentabikedlabuela.com\\\/#website\"},\"primaryImageOfPage\":{\"@id\":\"https:\\\/\\\/www.rentabikedlabuela.com\\\/de\\\/produkt\\\/bianchi-sprint-icr-105-24-speed-size-l\\\/#primaryimage\"},\"image\":{\"@id\":\"https:\\\/\\\/www.rentabikedlabuela.com\\\/de\\\/produkt\\\/bianchi-sprint-icr-105-24-speed-size-l\\\/#primaryimage\"},\"thumbnailUrl\":\"https:\\\/\\\/www.rentabikedlabuela.com\\\/wp-content\\\/uploads\\\/Bianchi-road-bike.jpg\",\"datePublished\":\"2026-02-16T17:46:32+00:00\",\"breadcrumb\":{\"@id\":\"https:\\\/\\\/www.rentabikedlabuela.com\\\/de\\\/produkt\\\/bianchi-sprint-icr-105-24-speed-size-l\\\/#breadcrumb\"},\"inLanguage\":\"de\",\"potentialAction\":[{\"@type\":\"ReadAction\",\"target\":[\"https:\\\/\\\/www.rentabikedlabuela.com\\\/de\\\/produkt\\\/bianchi-sprint-icr-105-24-speed-size-l\\\/\"]}]},{\"@type\":\"ImageObject\",\"inLanguage\":\"de\",\"@id\":\"https:\\\/\\\/www.rentabikedlabuela.com\\\/de\\\/produkt\\\/bianchi-sprint-icr-105-24-speed-size-l\\\/#primaryimage\",\"url\":\"https:\\\/\\\/www.rentabikedlabuela.com\\\/wp-content\\\/uploads\\\/Bianchi-road-bike.jpg\",\"contentUrl\":\"https:\\\/\\\/www.rentabikedlabuela.com\\\/wp-content\\\/uploads\\\/Bianchi-road-bike.jpg\",\"width\":600,\"height\":600},{\"@type\":\"BreadcrumbList\",\"@id\":\"https:\\\/\\\/www.rentabikedlabuela.com\\\/de\\\/produkt\\\/bianchi-sprint-icr-105-24-speed-size-l\\\/#breadcrumb\",\"itemListElement\":[{\"@type\":\"ListItem\",\"position\":1,\"name\":\"Home\",\"item\":\"https:\\\/\\\/www.rentabikedlabuela.com\\\/de\\\/startseite\\\/\"},{\"@type\":\"ListItem\",\"position\":2,\"name\":\"Shop\",\"item\":\"https:\\\/\\\/www.rentabikedlabuela.com\\\/de\\\/shop\\\/\"},{\"@type\":\"ListItem\",\"position\":3,\"name\":\"BIANCHI SPRINT ICR 105 24 SPEED &#8211; SIZE L\"}]},{\"@type\":\"WebSite\",\"@id\":\"https:\\\/\\\/www.rentabikedlabuela.com\\\/#website\",\"url\":\"https:\\\/\\\/www.rentabikedlabuela.com\\\/\",\"name\":\"Rent a Bike Dlabuela\",\"description\":\"\",\"publisher\":{\"@id\":\"https:\\\/\\\/www.rentabikedlabuela.com\\\/#organization\"},\"alternateName\":\"Dlabuela Rent a Bike\",\"potentialAction\":[{\"@type\":\"SearchAction\",\"target\":{\"@type\":\"EntryPoint\",\"urlTemplate\":\"https:\\\/\\\/www.rentabikedlabuela.com\\\/?s={search_term_string}\"},\"query-input\":{\"@type\":\"PropertyValueSpecification\",\"valueRequired\":true,\"valueName\":\"search_term_string\"}}],\"inLanguage\":\"de\"},{\"@type\":\"Organization\",\"@id\":\"https:\\\/\\\/www.rentabikedlabuela.com\\\/#organization\",\"name\":\"Rent a Bike Dlabuela\",\"alternateName\":\"Dlabuela Rent a Bike\",\"url\":\"https:\\\/\\\/www.rentabikedlabuela.com\\\/\",\"logo\":{\"@type\":\"ImageObject\",\"inLanguage\":\"de\",\"@id\":\"https:\\\/\\\/www.rentabikedlabuela.com\\\/#\\\/schema\\\/logo\\\/image\\\/\",\"url\":\"https:\\\/\\\/www.rentabikedlabuela.com\\\/wp-content\\\/uploads\\\/rent-a-bike-dlabuela-logo.png\",\"contentUrl\":\"https:\\\/\\\/www.rentabikedlabuela.com\\\/wp-content\\\/uploads\\\/rent-a-bike-dlabuela-logo.png\",\"width\":1284,\"height\":642,\"caption\":\"Rent a Bike Dlabuela\"},\"image\":{\"@id\":\"https:\\\/\\\/www.rentabikedlabuela.com\\\/#\\\/schema\\\/logo\\\/image\\\/\"},\"sameAs\":[\"https:\\\/\\\/www.facebook.com\\\/Dlabuela\\\/\",\"https:\\\/\\\/www.instagram.com\\\/bike.dlabuela\\\/\"]}]}<\/script>\n<!-- \/ Yoast SEO plugin. -->","yoast_head_json":{"title":"BIANCHI SPRINT ICR 105 24 SPEED - SIZE L - Rent a Bike Dlabuela","robots":{"index":"index","follow":"follow","max-snippet":"max-snippet:-1","max-image-preview":"max-image-preview:large","max-video-preview":"max-video-preview:-1"},"canonical":"https:\/\/www.rentabikedlabuela.com\/de\/produkt\/bianchi-sprint-icr-105-24-speed-size-l\/","og_locale":"de_DE","og_type":"article","og_title":"BIANCHI SPRINT ICR 105 24 SPEED - SIZE L - Rent a Bike Dlabuela","og_description":"Miete unsere Rennr\u00e4der Setzen dein Training w\u00e4hrend deines Urlaubs an der Costa del Sol fort. Du kannst eines unserer Rennr\u00e4der mit Look-Pedalsystem w\u00e4hlen. Bring deine Shuhe mit, und wir stellen dir das Fahrrad zur Verf\u00fcgung.","og_url":"https:\/\/www.rentabikedlabuela.com\/de\/produkt\/bianchi-sprint-icr-105-24-speed-size-l\/","og_site_name":"Rent a Bike Dlabuela","article_publisher":"https:\/\/www.facebook.com\/Dlabuela\/","og_image":[{"width":600,"height":600,"url":"https:\/\/www.rentabikedlabuela.com\/wp-content\/uploads\/Bianchi-road-bike.jpg","type":"image\/jpeg"}],"twitter_card":"summary_large_image","schema":{"@context":"https:\/\/schema.org","@graph":[{"@type":"WebPage","@id":"https:\/\/www.rentabikedlabuela.com\/de\/produkt\/bianchi-sprint-icr-105-24-speed-size-l\/","url":"https:\/\/www.rentabikedlabuela.com\/de\/produkt\/bianchi-sprint-icr-105-24-speed-size-l\/","name":"BIANCHI SPRINT ICR 105 24 SPEED - SIZE L - Rent a Bike Dlabuela","isPartOf":{"@id":"https:\/\/www.rentabikedlabuela.com\/#website"},"primaryImageOfPage":{"@id":"https:\/\/www.rentabikedlabuela.com\/de\/produkt\/bianchi-sprint-icr-105-24-speed-size-l\/#primaryimage"},"image":{"@id":"https:\/\/www.rentabikedlabuela.com\/de\/produkt\/bianchi-sprint-icr-105-24-speed-size-l\/#primaryimage"},"thumbnailUrl":"https:\/\/www.rentabikedlabuela.com\/wp-content\/uploads\/Bianchi-road-bike.jpg","datePublished":"2026-02-16T17:46:32+00:00","breadcrumb":{"@id":"https:\/\/www.rentabikedlabuela.com\/de\/produkt\/bianchi-sprint-icr-105-24-speed-size-l\/#breadcrumb"},"inLanguage":"de","potentialAction":[{"@type":"ReadAction","target":["https:\/\/www.rentabikedlabuela.com\/de\/produkt\/bianchi-sprint-icr-105-24-speed-size-l\/"]}]},{"@type":"ImageObject","inLanguage":"de","@id":"https:\/\/www.rentabikedlabuela.com\/de\/produkt\/bianchi-sprint-icr-105-24-speed-size-l\/#primaryimage","url":"https:\/\/www.rentabikedlabuela.com\/wp-content\/uploads\/Bianchi-road-bike.jpg","contentUrl":"https:\/\/www.rentabikedlabuela.com\/wp-content\/uploads\/Bianchi-road-bike.jpg","width":600,"height":600},{"@type":"BreadcrumbList","@id":"https:\/\/www.rentabikedlabuela.com\/de\/produkt\/bianchi-sprint-icr-105-24-speed-size-l\/#breadcrumb","itemListElement":[{"@type":"ListItem","position":1,"name":"Home","item":"https:\/\/www.rentabikedlabuela.com\/de\/startseite\/"},{"@type":"ListItem","position":2,"name":"Shop","item":"https:\/\/www.rentabikedlabuela.com\/de\/shop\/"},{"@type":"ListItem","position":3,"name":"BIANCHI SPRINT ICR 105 24 SPEED &#8211; SIZE L"}]},{"@type":"WebSite","@id":"https:\/\/www.rentabikedlabuela.com\/#website","url":"https:\/\/www.rentabikedlabuela.com\/","name":"Rent a Bike Dlabuela","description":"","publisher":{"@id":"https:\/\/www.rentabikedlabuela.com\/#organization"},"alternateName":"Dlabuela Rent a Bike","potentialAction":[{"@type":"SearchAction","target":{"@type":"EntryPoint","urlTemplate":"https:\/\/www.rentabikedlabuela.com\/?s={search_term_string}"},"query-input":{"@type":"PropertyValueSpecification","valueRequired":true,"valueName":"search_term_string"}}],"inLanguage":"de"},{"@type":"Organization","@id":"https:\/\/www.rentabikedlabuela.com\/#organization","name":"Rent a Bike Dlabuela","alternateName":"Dlabuela Rent a Bike","url":"https:\/\/www.rentabikedlabuela.com\/","logo":{"@type":"ImageObject","inLanguage":"de","@id":"https:\/\/www.rentabikedlabuela.com\/#\/schema\/logo\/image\/","url":"https:\/\/www.rentabikedlabuela.com\/wp-content\/uploads\/rent-a-bike-dlabuela-logo.png","contentUrl":"https:\/\/www.rentabikedlabuela.com\/wp-content\/uploads\/rent-a-bike-dlabuela-logo.png","width":1284,"height":642,"caption":"Rent a Bike Dlabuela"},"image":{"@id":"https:\/\/www.rentabikedlabuela.com\/#\/schema\/logo\/image\/"},"sameAs":["https:\/\/www.facebook.com\/Dlabuela\/","https:\/\/www.instagram.com\/bike.dlabuela\/"]}]}},"_links":{"self":[{"href":"https:\/\/www.rentabikedlabuela.com\/de\/wp-json\/wp\/v2\/product\/2043","targetHints":{"allow":["GET"]}}],"collection":[{"href":"https:\/\/www.rentabikedlabuela.com\/de\/wp-json\/wp\/v2\/product"}],"about":[{"href":"https:\/\/www.rentabikedlabuela.com\/de\/wp-json\/wp\/v2\/types\/product"}],"wp:featuredmedia":[{"embeddable":true,"href":"https:\/\/www.rentabikedlabuela.com\/de\/wp-json\/wp\/v2\/media\/2038"}],"wp:attachment":[{"href":"https:\/\/www.rentabikedlabuela.com\/de\/wp-json\/wp\/v2\/media?parent=2043"}],"wp:term":[{"taxonomy":"product_brand","embeddable":true,"href":"https:\/\/www.rentabikedlabuela.com\/de\/wp-json\/wp\/v2\/product_brand?post=2043"},{"taxonomy":"product_cat","embeddable":true,"href":"https:\/\/www.rentabikedlabuela.com\/de\/wp-json\/wp\/v2\/product_cat?post=2043"},{"taxonomy":"product_tag","embeddable":true,"href":"https:\/\/www.rentabikedlabuela.com\/de\/wp-json\/wp\/v2\/product_tag?post=2043"}],"curies":[{"name":"wp","href":"https:\/\/api.w.org\/{rel}","templated":true}]}}