{"id":1131,"date":"2025-02-07T13:20:43","date_gmt":"2025-02-07T13:20:43","guid":{"rendered":"https:\/\/www.rentabikedlabuela.com\/politica-de-cancelaciones\/"},"modified":"2025-03-10T13:31:58","modified_gmt":"2025-03-10T13:31:58","slug":"politica-de-cancelaciones","status":"publish","type":"page","link":"https:\/\/www.rentabikedlabuela.com\/es\/politica-de-cancelaciones\/","title":{"rendered":"Pol\u00edtica de Cancelaciones"},"content":{"rendered":"\n<h2 class=\"wp-block-heading\">Pol\u00edtica de Cancelaciones<\/h2>\n\n<p>Se realizar\u00e1n reembolsos completos con 72 horas de aviso de la fecha de alquiler. Se realizar\u00e1 un reembolso del 50% con 24 horas de aviso (durante horario de oficina de 9:00 a 19:00). No se permiten cancelaciones el mismo d\u00eda del alquiler. Se realizar\u00e1 reembolso completo en caso de cancelaci\u00f3n de la reserva por parte de Rent a Bike Dlabuela.   <\/p>\n\n<h2 class=\"wp-block-heading\">Condiciones de Alquiler<\/h2>\n\n<p>1. El alquiler de bicicletas es un servicio de Axarqu\u00eda Solution S.L. (A.S. s.l.) C.I.F. B01850593 C\/ Campo de la Iglesia n8, 29790 Benajarafe con el nombre comercial de \u00abRENT A BIKE DLABUELA<\/p>\n\n<p>2. A.S s.l. es el propietario de las bicicletas de alquiler y del equipamiento que se exponen<\/p>\n\n<p>3.. Para asegurar que la bicicleta y el equipo se utiliza correctamente y para garantizar que cada usuario se comporta de manera responsable, y tiene la mejor experiencia posible, el arrendatario est\u00e1 de acuerdo en: Ser responsable del cuidado y devoluci\u00f3n de la bicicleta y los accesorios (candados, casco, llaves, etc&#8230;). Las bicicletas ser\u00e1n inspeccionadas al momento de su entrega. Han de ser devueltas en el mismo estado que al ser alquiladas, haci\u00e9ndose cargo el usuario de cualquier desperfecto ocasionado. <\/p>\n\n<p>4. En caso de robo o p\u00e9rdida del material total o parcialmente, el usuario tendr\u00e1 la obligaci\u00f3n de abonar a A.S. s.l. el importe del material sustra\u00eddo.<\/p>\n\n<p>5. El usuario conoce y se compromete a respetar las leyes y normas de tr\u00e1fico y es responsable de todo da\u00f1o causado (a s\u00ed mismo o a terceras personas) como consecuencia de cualquier accidente durante el uso de la bicicleta.<\/p>\n\n<p>6. A.S. s.l. no se hace responsable de ning\u00fan tipo de reclamaciones. El usuario est\u00e1 obligado en todo momento a cuidar la bicicleta y tenerla en un lugar seguro ante cualquier robo. <\/p>\n\n<p>7. Se realizar\u00e1 fotograf\u00eda del DNI\/PASAPORTE del arrendatario.<\/p>\n\n<p>8. A.S. se compromete a cumplir la Pol\u00edtica de Cancelaci\u00f3n.<\/p>\n\n<p>9. El retraso en la devoluci\u00f3n de la\/s bicicleta\/s supondr\u00e1 el abono de la tarifa correspondiente.<\/p>\n\n<p>10. En caso de aver\u00eda, A.S. s.l. se compromete a la asistencia y cambio de la bicicleta. Para ello deber\u00e1 ponerse en contacto con RENT A BIKE DLABUELA (653 06 25 12). <\/p>\n","protected":false},"excerpt":{"rendered":"<p>Pol\u00edtica de Cancelaciones Se realizar\u00e1n reembolsos completos con 72 horas de aviso de la fecha de alquiler. Se realizar\u00e1 un reembolso del 50% con 24 horas de aviso (durante horario de oficina de 9:00 a 19:00). No se permiten cancelaciones el mismo d\u00eda del alquiler. Se realizar\u00e1 reembolso completo en caso de cancelaci\u00f3n de la [&hellip;]<\/p>\n","protected":false},"author":1,"featured_media":0,"parent":0,"menu_order":0,"comment_status":"closed","ping_status":"closed","template":"","meta":{"_acf_changed":false,"footnotes":""},"class_list":["post-1131","page","type-page","status-publish","hentry"],"acf":[],"yoast_head":"<!-- This site is optimized with the Yoast SEO plugin v27.3 - https:\/\/yoast.com\/product\/yoast-seo-wordpress\/ -->\n<title>Pol\u00edtica de Cancelaciones - Rent a Bike Dlabuela<\/title>\n<meta name=\"robots\" content=\"index, follow, max-snippet:-1, max-image-preview:large, max-video-preview:-1\" \/>\n<link rel=\"canonical\" href=\"https:\/\/www.rentabikedlabuela.com\/es\/politica-de-cancelaciones\/\" \/>\n<meta property=\"og:locale\" content=\"es_ES\" \/>\n<meta property=\"og:type\" content=\"article\" \/>\n<meta property=\"og:title\" content=\"Pol\u00edtica de Cancelaciones - Rent a Bike Dlabuela\" \/>\n<meta property=\"og:description\" content=\"Pol\u00edtica de Cancelaciones Se realizar\u00e1n reembolsos completos con 72 horas de aviso de la fecha de alquiler. Se realizar\u00e1 un reembolso del 50% con 24 horas de aviso (durante horario de oficina de 9:00 a 19:00). No se permiten cancelaciones el mismo d\u00eda del alquiler. Se realizar\u00e1 reembolso completo en caso de cancelaci\u00f3n de la [&hellip;]\" \/>\n<meta property=\"og:url\" content=\"https:\/\/www.rentabikedlabuela.com\/es\/politica-de-cancelaciones\/\" \/>\n<meta property=\"og:site_name\" content=\"Rent a Bike Dlabuela\" \/>\n<meta property=\"article:publisher\" content=\"https:\/\/www.facebook.com\/Dlabuela\/\" \/>\n<meta property=\"article:modified_time\" content=\"2025-03-10T13:31:58+00:00\" \/>\n<meta property=\"og:image\" content=\"https:\/\/www.rentabikedlabuela.com\/wp-content\/uploads\/Imagen-de-Inicio-n-1.jpg\" \/>\n\t<meta property=\"og:image:width\" content=\"1920\" \/>\n\t<meta property=\"og:image:height\" content=\"1440\" \/>\n\t<meta property=\"og:image:type\" content=\"image\/jpeg\" \/>\n<meta name=\"twitter:card\" content=\"summary_large_image\" \/>\n<meta name=\"twitter:label1\" content=\"Tiempo de lectura\" \/>\n\t<meta name=\"twitter:data1\" content=\"2 minutos\" \/>\n<script type=\"application\/ld+json\" class=\"yoast-schema-graph\">{\"@context\":\"https:\\\/\\\/schema.org\",\"@graph\":[{\"@type\":\"WebPage\",\"@id\":\"https:\\\/\\\/www.rentabikedlabuela.com\\\/es\\\/politica-de-cancelaciones\\\/\",\"url\":\"https:\\\/\\\/www.rentabikedlabuela.com\\\/es\\\/politica-de-cancelaciones\\\/\",\"name\":\"Pol\u00edtica de Cancelaciones - Rent a Bike Dlabuela\",\"isPartOf\":{\"@id\":\"https:\\\/\\\/www.rentabikedlabuela.com\\\/#website\"},\"datePublished\":\"2025-02-07T13:20:43+00:00\",\"dateModified\":\"2025-03-10T13:31:58+00:00\",\"breadcrumb\":{\"@id\":\"https:\\\/\\\/www.rentabikedlabuela.com\\\/es\\\/politica-de-cancelaciones\\\/#breadcrumb\"},\"inLanguage\":\"es\",\"potentialAction\":[{\"@type\":\"ReadAction\",\"target\":[\"https:\\\/\\\/www.rentabikedlabuela.com\\\/es\\\/politica-de-cancelaciones\\\/\"]}]},{\"@type\":\"BreadcrumbList\",\"@id\":\"https:\\\/\\\/www.rentabikedlabuela.com\\\/es\\\/politica-de-cancelaciones\\\/#breadcrumb\",\"itemListElement\":[{\"@type\":\"ListItem\",\"position\":1,\"name\":\"Home\",\"item\":\"https:\\\/\\\/www.rentabikedlabuela.com\\\/es\\\/inicio\\\/\"},{\"@type\":\"ListItem\",\"position\":2,\"name\":\"Pol\u00edtica de Cancelaciones\"}]},{\"@type\":\"WebSite\",\"@id\":\"https:\\\/\\\/www.rentabikedlabuela.com\\\/#website\",\"url\":\"https:\\\/\\\/www.rentabikedlabuela.com\\\/\",\"name\":\"Rent a Bike Dlabuela\",\"description\":\"\",\"publisher\":{\"@id\":\"https:\\\/\\\/www.rentabikedlabuela.com\\\/#organization\"},\"alternateName\":\"Dlabuela Rent a Bike\",\"potentialAction\":[{\"@type\":\"SearchAction\",\"target\":{\"@type\":\"EntryPoint\",\"urlTemplate\":\"https:\\\/\\\/www.rentabikedlabuela.com\\\/?s={search_term_string}\"},\"query-input\":{\"@type\":\"PropertyValueSpecification\",\"valueRequired\":true,\"valueName\":\"search_term_string\"}}],\"inLanguage\":\"es\"},{\"@type\":\"Organization\",\"@id\":\"https:\\\/\\\/www.rentabikedlabuela.com\\\/#organization\",\"name\":\"Rent a Bike Dlabuela\",\"alternateName\":\"Dlabuela Rent a Bike\",\"url\":\"https:\\\/\\\/www.rentabikedlabuela.com\\\/\",\"logo\":{\"@type\":\"ImageObject\",\"inLanguage\":\"es\",\"@id\":\"https:\\\/\\\/www.rentabikedlabuela.com\\\/#\\\/schema\\\/logo\\\/image\\\/\",\"url\":\"https:\\\/\\\/www.rentabikedlabuela.com\\\/wp-content\\\/uploads\\\/rent-a-bike-dlabuela-logo.png\",\"contentUrl\":\"https:\\\/\\\/www.rentabikedlabuela.com\\\/wp-content\\\/uploads\\\/rent-a-bike-dlabuela-logo.png\",\"width\":1284,\"height\":642,\"caption\":\"Rent a Bike Dlabuela\"},\"image\":{\"@id\":\"https:\\\/\\\/www.rentabikedlabuela.com\\\/#\\\/schema\\\/logo\\\/image\\\/\"},\"sameAs\":[\"https:\\\/\\\/www.facebook.com\\\/Dlabuela\\\/\",\"https:\\\/\\\/www.instagram.com\\\/bike.dlabuela\\\/\"]}]}<\/script>\n<!-- \/ Yoast SEO plugin. -->","yoast_head_json":{"title":"Pol\u00edtica de Cancelaciones - Rent a Bike Dlabuela","robots":{"index":"index","follow":"follow","max-snippet":"max-snippet:-1","max-image-preview":"max-image-preview:large","max-video-preview":"max-video-preview:-1"},"canonical":"https:\/\/www.rentabikedlabuela.com\/es\/politica-de-cancelaciones\/","og_locale":"es_ES","og_type":"article","og_title":"Pol\u00edtica de Cancelaciones - Rent a Bike Dlabuela","og_description":"Pol\u00edtica de Cancelaciones Se realizar\u00e1n reembolsos completos con 72 horas de aviso de la fecha de alquiler. Se realizar\u00e1 un reembolso del 50% con 24 horas de aviso (durante horario de oficina de 9:00 a 19:00). No se permiten cancelaciones el mismo d\u00eda del alquiler. Se realizar\u00e1 reembolso completo en caso de cancelaci\u00f3n de la [&hellip;]","og_url":"https:\/\/www.rentabikedlabuela.com\/es\/politica-de-cancelaciones\/","og_site_name":"Rent a Bike Dlabuela","article_publisher":"https:\/\/www.facebook.com\/Dlabuela\/","article_modified_time":"2025-03-10T13:31:58+00:00","og_image":[{"width":1920,"height":1440,"url":"https:\/\/www.rentabikedlabuela.com\/wp-content\/uploads\/Imagen-de-Inicio-n-1.jpg","type":"image\/jpeg"}],"twitter_card":"summary_large_image","twitter_misc":{"Tiempo de lectura":"2 minutos"},"schema":{"@context":"https:\/\/schema.org","@graph":[{"@type":"WebPage","@id":"https:\/\/www.rentabikedlabuela.com\/es\/politica-de-cancelaciones\/","url":"https:\/\/www.rentabikedlabuela.com\/es\/politica-de-cancelaciones\/","name":"Pol\u00edtica de Cancelaciones - Rent a Bike Dlabuela","isPartOf":{"@id":"https:\/\/www.rentabikedlabuela.com\/#website"},"datePublished":"2025-02-07T13:20:43+00:00","dateModified":"2025-03-10T13:31:58+00:00","breadcrumb":{"@id":"https:\/\/www.rentabikedlabuela.com\/es\/politica-de-cancelaciones\/#breadcrumb"},"inLanguage":"es","potentialAction":[{"@type":"ReadAction","target":["https:\/\/www.rentabikedlabuela.com\/es\/politica-de-cancelaciones\/"]}]},{"@type":"BreadcrumbList","@id":"https:\/\/www.rentabikedlabuela.com\/es\/politica-de-cancelaciones\/#breadcrumb","itemListElement":[{"@type":"ListItem","position":1,"name":"Home","item":"https:\/\/www.rentabikedlabuela.com\/es\/inicio\/"},{"@type":"ListItem","position":2,"name":"Pol\u00edtica de Cancelaciones"}]},{"@type":"WebSite","@id":"https:\/\/www.rentabikedlabuela.com\/#website","url":"https:\/\/www.rentabikedlabuela.com\/","name":"Rent a Bike Dlabuela","description":"","publisher":{"@id":"https:\/\/www.rentabikedlabuela.com\/#organization"},"alternateName":"Dlabuela Rent a Bike","potentialAction":[{"@type":"SearchAction","target":{"@type":"EntryPoint","urlTemplate":"https:\/\/www.rentabikedlabuela.com\/?s={search_term_string}"},"query-input":{"@type":"PropertyValueSpecification","valueRequired":true,"valueName":"search_term_string"}}],"inLanguage":"es"},{"@type":"Organization","@id":"https:\/\/www.rentabikedlabuela.com\/#organization","name":"Rent a Bike Dlabuela","alternateName":"Dlabuela Rent a Bike","url":"https:\/\/www.rentabikedlabuela.com\/","logo":{"@type":"ImageObject","inLanguage":"es","@id":"https:\/\/www.rentabikedlabuela.com\/#\/schema\/logo\/image\/","url":"https:\/\/www.rentabikedlabuela.com\/wp-content\/uploads\/rent-a-bike-dlabuela-logo.png","contentUrl":"https:\/\/www.rentabikedlabuela.com\/wp-content\/uploads\/rent-a-bike-dlabuela-logo.png","width":1284,"height":642,"caption":"Rent a Bike Dlabuela"},"image":{"@id":"https:\/\/www.rentabikedlabuela.com\/#\/schema\/logo\/image\/"},"sameAs":["https:\/\/www.facebook.com\/Dlabuela\/","https:\/\/www.instagram.com\/bike.dlabuela\/"]}]}},"_links":{"self":[{"href":"https:\/\/www.rentabikedlabuela.com\/es\/wp-json\/wp\/v2\/pages\/1131","targetHints":{"allow":["GET"]}}],"collection":[{"href":"https:\/\/www.rentabikedlabuela.com\/es\/wp-json\/wp\/v2\/pages"}],"about":[{"href":"https:\/\/www.rentabikedlabuela.com\/es\/wp-json\/wp\/v2\/types\/page"}],"author":[{"embeddable":true,"href":"https:\/\/www.rentabikedlabuela.com\/es\/wp-json\/wp\/v2\/users\/1"}],"replies":[{"embeddable":true,"href":"https:\/\/www.rentabikedlabuela.com\/es\/wp-json\/wp\/v2\/comments?post=1131"}],"version-history":[{"count":0,"href":"https:\/\/www.rentabikedlabuela.com\/es\/wp-json\/wp\/v2\/pages\/1131\/revisions"}],"wp:attachment":[{"href":"https:\/\/www.rentabikedlabuela.com\/es\/wp-json\/wp\/v2\/media?parent=1131"}],"curies":[{"name":"wp","href":"https:\/\/api.w.org\/{rel}","templated":true}]}}