{"id":1501,"date":"2025-03-07T18:24:57","date_gmt":"2025-03-07T18:24:57","guid":{"rendered":"https:\/\/www.rentabikedlabuela.com\/bike-type\/smaiver-20-70-km-de-autonomia-talla-s\/"},"modified":"2025-04-22T09:57:39","modified_gmt":"2025-04-22T09:57:39","slug":"smaiver-20-70-km-de-autonomia-talla-s","status":"publish","type":"product","link":"https:\/\/www.rentabikedlabuela.com\/es\/producto\/smaiver-20-70-km-de-autonomia-talla-s\/","title":{"rendered":"Smaiver 20\u201d &#8211; 70 Km de autonom\u00eda &#8211; talla S"},"content":{"rendered":"<p>Para disfrutar de ayuda el\u00e9ctrica adicional mientras pedaleas a trav\u00e9s de los incre\u00edbles caminos de la Costa del Sol y recorrer distancias largas con el m\u00e1ximo confort y sin esfuerzo con autonom\u00edas de hasta 90 Km , te ofrecemos una amplia gama de bicicletas el\u00e9ctricas tanto de paseo como de monta\u00f1as de 26&#8243; a 29<\/p>\n","protected":false},"excerpt":{"rendered":"<p>Bicicletas el\u00e9ctricas, bater\u00eda hasta 90 Km. Ciclismo c\u00f3modo, robusto y \u00e1gil en M\u00e1laga.<\/p>\n","protected":false},"featured_media":1790,"template":"","meta":{"_acf_changed":false},"product_brand":[],"product_cat":[75],"product_tag":[],"class_list":{"0":"post-1501","1":"product","2":"type-product","3":"status-publish","4":"has-post-thumbnail","6":"product_cat-electric-bike-es","8":"first","9":"instock","10":"virtual","11":"sold-individually","12":"purchasable","13":"product-type-jet_booking"},"acf":[],"yoast_head":"<!-- This site is optimized with the Yoast SEO plugin v27.3 - https:\/\/yoast.com\/product\/yoast-seo-wordpress\/ -->\n<title>Smaiver 20\u201d - 70 Km de autonom\u00eda - talla S - Rent a Bike Dlabuela<\/title>\n<meta name=\"robots\" content=\"index, follow, max-snippet:-1, max-image-preview:large, max-video-preview:-1\" \/>\n<link rel=\"canonical\" href=\"https:\/\/www.rentabikedlabuela.com\/es\/producto\/smaiver-20-70-km-de-autonomia-talla-s\/\" \/>\n<meta property=\"og:locale\" content=\"es_ES\" \/>\n<meta property=\"og:type\" content=\"article\" \/>\n<meta property=\"og:title\" content=\"Smaiver 20\u201d - 70 Km de autonom\u00eda - talla S - Rent a Bike Dlabuela\" \/>\n<meta property=\"og:description\" content=\"Bicicletas el\u00e9ctricas, bater\u00eda hasta 90 Km. Ciclismo c\u00f3modo, robusto y \u00e1gil en M\u00e1laga.\" \/>\n<meta property=\"og:url\" content=\"https:\/\/www.rentabikedlabuela.com\/es\/producto\/smaiver-20-70-km-de-autonomia-talla-s\/\" \/>\n<meta property=\"og:site_name\" content=\"Rent a Bike Dlabuela\" \/>\n<meta property=\"article:publisher\" content=\"https:\/\/www.facebook.com\/Dlabuela\/\" \/>\n<meta property=\"article:modified_time\" content=\"2025-04-22T09:57:39+00:00\" \/>\n<meta property=\"og:image\" content=\"https:\/\/www.rentabikedlabuela.com\/wp-content\/uploads\/smaiver-web.jpg\" \/>\n\t<meta property=\"og:image:width\" content=\"600\" \/>\n\t<meta property=\"og:image:height\" content=\"600\" \/>\n\t<meta property=\"og:image:type\" content=\"image\/jpeg\" \/>\n<meta name=\"twitter:card\" content=\"summary_large_image\" \/>\n<meta name=\"twitter:label1\" content=\"Tiempo de lectura\" \/>\n\t<meta name=\"twitter:data1\" content=\"1 minuto\" \/>\n<script type=\"application\/ld+json\" class=\"yoast-schema-graph\">{\"@context\":\"https:\\\/\\\/schema.org\",\"@graph\":[{\"@type\":\"WebPage\",\"@id\":\"https:\\\/\\\/www.rentabikedlabuela.com\\\/es\\\/producto\\\/smaiver-20-70-km-de-autonomia-talla-s\\\/\",\"url\":\"https:\\\/\\\/www.rentabikedlabuela.com\\\/es\\\/producto\\\/smaiver-20-70-km-de-autonomia-talla-s\\\/\",\"name\":\"Smaiver 20\u201d - 70 Km de autonom\u00eda - talla S - Rent a Bike Dlabuela\",\"isPartOf\":{\"@id\":\"https:\\\/\\\/www.rentabikedlabuela.com\\\/#website\"},\"primaryImageOfPage\":{\"@id\":\"https:\\\/\\\/www.rentabikedlabuela.com\\\/es\\\/producto\\\/smaiver-20-70-km-de-autonomia-talla-s\\\/#primaryimage\"},\"image\":{\"@id\":\"https:\\\/\\\/www.rentabikedlabuela.com\\\/es\\\/producto\\\/smaiver-20-70-km-de-autonomia-talla-s\\\/#primaryimage\"},\"thumbnailUrl\":\"https:\\\/\\\/www.rentabikedlabuela.com\\\/wp-content\\\/uploads\\\/smaiver-web.jpg\",\"datePublished\":\"2025-03-07T18:24:57+00:00\",\"dateModified\":\"2025-04-22T09:57:39+00:00\",\"breadcrumb\":{\"@id\":\"https:\\\/\\\/www.rentabikedlabuela.com\\\/es\\\/producto\\\/smaiver-20-70-km-de-autonomia-talla-s\\\/#breadcrumb\"},\"inLanguage\":\"es\",\"potentialAction\":[{\"@type\":\"ReadAction\",\"target\":[\"https:\\\/\\\/www.rentabikedlabuela.com\\\/es\\\/producto\\\/smaiver-20-70-km-de-autonomia-talla-s\\\/\"]}]},{\"@type\":\"ImageObject\",\"inLanguage\":\"es\",\"@id\":\"https:\\\/\\\/www.rentabikedlabuela.com\\\/es\\\/producto\\\/smaiver-20-70-km-de-autonomia-talla-s\\\/#primaryimage\",\"url\":\"https:\\\/\\\/www.rentabikedlabuela.com\\\/wp-content\\\/uploads\\\/smaiver-web.jpg\",\"contentUrl\":\"https:\\\/\\\/www.rentabikedlabuela.com\\\/wp-content\\\/uploads\\\/smaiver-web.jpg\",\"width\":600,\"height\":600},{\"@type\":\"BreadcrumbList\",\"@id\":\"https:\\\/\\\/www.rentabikedlabuela.com\\\/es\\\/producto\\\/smaiver-20-70-km-de-autonomia-talla-s\\\/#breadcrumb\",\"itemListElement\":[{\"@type\":\"ListItem\",\"position\":1,\"name\":\"Home\",\"item\":\"https:\\\/\\\/www.rentabikedlabuela.com\\\/es\\\/inicio\\\/\"},{\"@type\":\"ListItem\",\"position\":2,\"name\":\"Tienda\",\"item\":\"https:\\\/\\\/www.rentabikedlabuela.com\\\/es\\\/tienda\\\/\"},{\"@type\":\"ListItem\",\"position\":3,\"name\":\"Smaiver 20\u201d &#8211; 70 Km de autonom\u00eda &#8211; talla S\"}]},{\"@type\":\"WebSite\",\"@id\":\"https:\\\/\\\/www.rentabikedlabuela.com\\\/#website\",\"url\":\"https:\\\/\\\/www.rentabikedlabuela.com\\\/\",\"name\":\"Rent a Bike Dlabuela\",\"description\":\"\",\"publisher\":{\"@id\":\"https:\\\/\\\/www.rentabikedlabuela.com\\\/#organization\"},\"alternateName\":\"Dlabuela Rent a Bike\",\"potentialAction\":[{\"@type\":\"SearchAction\",\"target\":{\"@type\":\"EntryPoint\",\"urlTemplate\":\"https:\\\/\\\/www.rentabikedlabuela.com\\\/?s={search_term_string}\"},\"query-input\":{\"@type\":\"PropertyValueSpecification\",\"valueRequired\":true,\"valueName\":\"search_term_string\"}}],\"inLanguage\":\"es\"},{\"@type\":\"Organization\",\"@id\":\"https:\\\/\\\/www.rentabikedlabuela.com\\\/#organization\",\"name\":\"Rent a Bike Dlabuela\",\"alternateName\":\"Dlabuela Rent a Bike\",\"url\":\"https:\\\/\\\/www.rentabikedlabuela.com\\\/\",\"logo\":{\"@type\":\"ImageObject\",\"inLanguage\":\"es\",\"@id\":\"https:\\\/\\\/www.rentabikedlabuela.com\\\/#\\\/schema\\\/logo\\\/image\\\/\",\"url\":\"https:\\\/\\\/www.rentabikedlabuela.com\\\/wp-content\\\/uploads\\\/rent-a-bike-dlabuela-logo.png\",\"contentUrl\":\"https:\\\/\\\/www.rentabikedlabuela.com\\\/wp-content\\\/uploads\\\/rent-a-bike-dlabuela-logo.png\",\"width\":1284,\"height\":642,\"caption\":\"Rent a Bike Dlabuela\"},\"image\":{\"@id\":\"https:\\\/\\\/www.rentabikedlabuela.com\\\/#\\\/schema\\\/logo\\\/image\\\/\"},\"sameAs\":[\"https:\\\/\\\/www.facebook.com\\\/Dlabuela\\\/\",\"https:\\\/\\\/www.instagram.com\\\/bike.dlabuela\\\/\"]}]}<\/script>\n<!-- \/ Yoast SEO plugin. -->","yoast_head_json":{"title":"Smaiver 20\u201d - 70 Km de autonom\u00eda - talla S - Rent a Bike Dlabuela","robots":{"index":"index","follow":"follow","max-snippet":"max-snippet:-1","max-image-preview":"max-image-preview:large","max-video-preview":"max-video-preview:-1"},"canonical":"https:\/\/www.rentabikedlabuela.com\/es\/producto\/smaiver-20-70-km-de-autonomia-talla-s\/","og_locale":"es_ES","og_type":"article","og_title":"Smaiver 20\u201d - 70 Km de autonom\u00eda - talla S - Rent a Bike Dlabuela","og_description":"Bicicletas el\u00e9ctricas, bater\u00eda hasta 90 Km. Ciclismo c\u00f3modo, robusto y \u00e1gil en M\u00e1laga.","og_url":"https:\/\/www.rentabikedlabuela.com\/es\/producto\/smaiver-20-70-km-de-autonomia-talla-s\/","og_site_name":"Rent a Bike Dlabuela","article_publisher":"https:\/\/www.facebook.com\/Dlabuela\/","article_modified_time":"2025-04-22T09:57:39+00:00","og_image":[{"width":600,"height":600,"url":"https:\/\/www.rentabikedlabuela.com\/wp-content\/uploads\/smaiver-web.jpg","type":"image\/jpeg"}],"twitter_card":"summary_large_image","twitter_misc":{"Tiempo de lectura":"1 minuto"},"schema":{"@context":"https:\/\/schema.org","@graph":[{"@type":"WebPage","@id":"https:\/\/www.rentabikedlabuela.com\/es\/producto\/smaiver-20-70-km-de-autonomia-talla-s\/","url":"https:\/\/www.rentabikedlabuela.com\/es\/producto\/smaiver-20-70-km-de-autonomia-talla-s\/","name":"Smaiver 20\u201d - 70 Km de autonom\u00eda - talla S - Rent a Bike Dlabuela","isPartOf":{"@id":"https:\/\/www.rentabikedlabuela.com\/#website"},"primaryImageOfPage":{"@id":"https:\/\/www.rentabikedlabuela.com\/es\/producto\/smaiver-20-70-km-de-autonomia-talla-s\/#primaryimage"},"image":{"@id":"https:\/\/www.rentabikedlabuela.com\/es\/producto\/smaiver-20-70-km-de-autonomia-talla-s\/#primaryimage"},"thumbnailUrl":"https:\/\/www.rentabikedlabuela.com\/wp-content\/uploads\/smaiver-web.jpg","datePublished":"2025-03-07T18:24:57+00:00","dateModified":"2025-04-22T09:57:39+00:00","breadcrumb":{"@id":"https:\/\/www.rentabikedlabuela.com\/es\/producto\/smaiver-20-70-km-de-autonomia-talla-s\/#breadcrumb"},"inLanguage":"es","potentialAction":[{"@type":"ReadAction","target":["https:\/\/www.rentabikedlabuela.com\/es\/producto\/smaiver-20-70-km-de-autonomia-talla-s\/"]}]},{"@type":"ImageObject","inLanguage":"es","@id":"https:\/\/www.rentabikedlabuela.com\/es\/producto\/smaiver-20-70-km-de-autonomia-talla-s\/#primaryimage","url":"https:\/\/www.rentabikedlabuela.com\/wp-content\/uploads\/smaiver-web.jpg","contentUrl":"https:\/\/www.rentabikedlabuela.com\/wp-content\/uploads\/smaiver-web.jpg","width":600,"height":600},{"@type":"BreadcrumbList","@id":"https:\/\/www.rentabikedlabuela.com\/es\/producto\/smaiver-20-70-km-de-autonomia-talla-s\/#breadcrumb","itemListElement":[{"@type":"ListItem","position":1,"name":"Home","item":"https:\/\/www.rentabikedlabuela.com\/es\/inicio\/"},{"@type":"ListItem","position":2,"name":"Tienda","item":"https:\/\/www.rentabikedlabuela.com\/es\/tienda\/"},{"@type":"ListItem","position":3,"name":"Smaiver 20\u201d &#8211; 70 Km de autonom\u00eda &#8211; talla S"}]},{"@type":"WebSite","@id":"https:\/\/www.rentabikedlabuela.com\/#website","url":"https:\/\/www.rentabikedlabuela.com\/","name":"Rent a Bike Dlabuela","description":"","publisher":{"@id":"https:\/\/www.rentabikedlabuela.com\/#organization"},"alternateName":"Dlabuela Rent a Bike","potentialAction":[{"@type":"SearchAction","target":{"@type":"EntryPoint","urlTemplate":"https:\/\/www.rentabikedlabuela.com\/?s={search_term_string}"},"query-input":{"@type":"PropertyValueSpecification","valueRequired":true,"valueName":"search_term_string"}}],"inLanguage":"es"},{"@type":"Organization","@id":"https:\/\/www.rentabikedlabuela.com\/#organization","name":"Rent a Bike Dlabuela","alternateName":"Dlabuela Rent a Bike","url":"https:\/\/www.rentabikedlabuela.com\/","logo":{"@type":"ImageObject","inLanguage":"es","@id":"https:\/\/www.rentabikedlabuela.com\/#\/schema\/logo\/image\/","url":"https:\/\/www.rentabikedlabuela.com\/wp-content\/uploads\/rent-a-bike-dlabuela-logo.png","contentUrl":"https:\/\/www.rentabikedlabuela.com\/wp-content\/uploads\/rent-a-bike-dlabuela-logo.png","width":1284,"height":642,"caption":"Rent a Bike Dlabuela"},"image":{"@id":"https:\/\/www.rentabikedlabuela.com\/#\/schema\/logo\/image\/"},"sameAs":["https:\/\/www.facebook.com\/Dlabuela\/","https:\/\/www.instagram.com\/bike.dlabuela\/"]}]}},"_links":{"self":[{"href":"https:\/\/www.rentabikedlabuela.com\/es\/wp-json\/wp\/v2\/product\/1501","targetHints":{"allow":["GET"]}}],"collection":[{"href":"https:\/\/www.rentabikedlabuela.com\/es\/wp-json\/wp\/v2\/product"}],"about":[{"href":"https:\/\/www.rentabikedlabuela.com\/es\/wp-json\/wp\/v2\/types\/product"}],"wp:featuredmedia":[{"embeddable":true,"href":"https:\/\/www.rentabikedlabuela.com\/es\/wp-json\/wp\/v2\/media\/1790"}],"wp:attachment":[{"href":"https:\/\/www.rentabikedlabuela.com\/es\/wp-json\/wp\/v2\/media?parent=1501"}],"wp:term":[{"taxonomy":"product_brand","embeddable":true,"href":"https:\/\/www.rentabikedlabuela.com\/es\/wp-json\/wp\/v2\/product_brand?post=1501"},{"taxonomy":"product_cat","embeddable":true,"href":"https:\/\/www.rentabikedlabuela.com\/es\/wp-json\/wp\/v2\/product_cat?post=1501"},{"taxonomy":"product_tag","embeddable":true,"href":"https:\/\/www.rentabikedlabuela.com\/es\/wp-json\/wp\/v2\/product_tag?post=1501"}],"curies":[{"name":"wp","href":"https:\/\/api.w.org\/{rel}","templated":true}]}}