{"id":1513,"date":"2025-03-07T03:48:23","date_gmt":"2025-03-07T03:48:23","guid":{"rendered":"https:\/\/www.rentabikedlabuela.com\/bike-type\/cube-attain-slx-algodon-y-gris-talla-59\/"},"modified":"2025-06-09T15:55:27","modified_gmt":"2025-06-09T15:55:27","slug":"cube-attain-slx-algodon-y-gris-talla-59","status":"publish","type":"product","link":"https:\/\/www.rentabikedlabuela.com\/es\/producto\/cube-attain-slx-algodon-y-gris-talla-59\/","title":{"rendered":"Merida Scultura Endurance 6000 105 Di2 &#8211; size L"},"content":{"rendered":"<p>Alquila nuestras Bicicletas de Carretera. Contin\u00faa tu entrenamiento durante tus vacaciones en la costa del sol. Podr\u00e1s seleccionar una de nuestras Bicicletas de Carreteras con sistema de pedales Look. Tr\u00e1ete tus botas y nosotros ponemos la bici.<\/p>\n","protected":false},"excerpt":{"rendered":"<p>Alquila nuestras bicicletas de carretera con sistema de pedales Look y sigue practicando tu deporte favorito durante las vacaciones.<\/p>\n","protected":false},"featured_media":1995,"template":"","meta":{"_acf_changed":false},"product_brand":[],"product_cat":[78],"product_tag":[],"class_list":{"0":"post-1513","1":"product","2":"type-product","3":"status-publish","4":"has-post-thumbnail","6":"product_cat-bici-carretera","8":"first","9":"instock","10":"virtual","11":"sold-individually","12":"purchasable","13":"product-type-jet_booking"},"acf":[],"yoast_head":"<!-- This site is optimized with the Yoast SEO plugin v27.3 - https:\/\/yoast.com\/product\/yoast-seo-wordpress\/ -->\n<title>Merida Scultura Endurance 6000 105 Di2 - size L - Rent a Bike Dlabuela<\/title>\n<meta name=\"robots\" content=\"index, follow, max-snippet:-1, max-image-preview:large, max-video-preview:-1\" \/>\n<link rel=\"canonical\" href=\"https:\/\/www.rentabikedlabuela.com\/es\/producto\/cube-attain-slx-algodon-y-gris-talla-59\/\" \/>\n<meta property=\"og:locale\" content=\"es_ES\" \/>\n<meta property=\"og:type\" content=\"article\" \/>\n<meta property=\"og:title\" content=\"Merida Scultura Endurance 6000 105 Di2 - size L - Rent a Bike Dlabuela\" \/>\n<meta property=\"og:description\" content=\"Alquila nuestras bicicletas de carretera con sistema de pedales Look y sigue practicando tu deporte favorito durante las vacaciones.\" \/>\n<meta property=\"og:url\" content=\"https:\/\/www.rentabikedlabuela.com\/es\/producto\/cube-attain-slx-algodon-y-gris-talla-59\/\" \/>\n<meta property=\"og:site_name\" content=\"Rent a Bike Dlabuela\" \/>\n<meta property=\"article:publisher\" content=\"https:\/\/www.facebook.com\/Dlabuela\/\" \/>\n<meta property=\"article:modified_time\" content=\"2025-06-09T15:55:27+00:00\" \/>\n<meta property=\"og:image\" content=\"https:\/\/www.rentabikedlabuela.com\/wp-content\/uploads\/scultura_endurance_6000_bikerent_dlabuela.jpg\" \/>\n\t<meta property=\"og:image:width\" content=\"600\" \/>\n\t<meta property=\"og:image:height\" content=\"600\" \/>\n\t<meta property=\"og:image:type\" content=\"image\/jpeg\" \/>\n<meta name=\"twitter:card\" content=\"summary_large_image\" \/>\n<meta name=\"twitter:label1\" content=\"Tiempo de lectura\" \/>\n\t<meta name=\"twitter:data1\" content=\"1 minuto\" \/>\n<script type=\"application\/ld+json\" class=\"yoast-schema-graph\">{\"@context\":\"https:\\\/\\\/schema.org\",\"@graph\":[{\"@type\":\"WebPage\",\"@id\":\"https:\\\/\\\/www.rentabikedlabuela.com\\\/es\\\/producto\\\/cube-attain-slx-algodon-y-gris-talla-59\\\/\",\"url\":\"https:\\\/\\\/www.rentabikedlabuela.com\\\/es\\\/producto\\\/cube-attain-slx-algodon-y-gris-talla-59\\\/\",\"name\":\"Merida Scultura Endurance 6000 105 Di2 - size L - Rent a Bike Dlabuela\",\"isPartOf\":{\"@id\":\"https:\\\/\\\/www.rentabikedlabuela.com\\\/#website\"},\"primaryImageOfPage\":{\"@id\":\"https:\\\/\\\/www.rentabikedlabuela.com\\\/es\\\/producto\\\/cube-attain-slx-algodon-y-gris-talla-59\\\/#primaryimage\"},\"image\":{\"@id\":\"https:\\\/\\\/www.rentabikedlabuela.com\\\/es\\\/producto\\\/cube-attain-slx-algodon-y-gris-talla-59\\\/#primaryimage\"},\"thumbnailUrl\":\"https:\\\/\\\/www.rentabikedlabuela.com\\\/wp-content\\\/uploads\\\/scultura_endurance_6000_bikerent_dlabuela.jpg\",\"datePublished\":\"2025-03-07T03:48:23+00:00\",\"dateModified\":\"2025-06-09T15:55:27+00:00\",\"breadcrumb\":{\"@id\":\"https:\\\/\\\/www.rentabikedlabuela.com\\\/es\\\/producto\\\/cube-attain-slx-algodon-y-gris-talla-59\\\/#breadcrumb\"},\"inLanguage\":\"es\",\"potentialAction\":[{\"@type\":\"ReadAction\",\"target\":[\"https:\\\/\\\/www.rentabikedlabuela.com\\\/es\\\/producto\\\/cube-attain-slx-algodon-y-gris-talla-59\\\/\"]}]},{\"@type\":\"ImageObject\",\"inLanguage\":\"es\",\"@id\":\"https:\\\/\\\/www.rentabikedlabuela.com\\\/es\\\/producto\\\/cube-attain-slx-algodon-y-gris-talla-59\\\/#primaryimage\",\"url\":\"https:\\\/\\\/www.rentabikedlabuela.com\\\/wp-content\\\/uploads\\\/scultura_endurance_6000_bikerent_dlabuela.jpg\",\"contentUrl\":\"https:\\\/\\\/www.rentabikedlabuela.com\\\/wp-content\\\/uploads\\\/scultura_endurance_6000_bikerent_dlabuela.jpg\",\"width\":600,\"height\":600},{\"@type\":\"BreadcrumbList\",\"@id\":\"https:\\\/\\\/www.rentabikedlabuela.com\\\/es\\\/producto\\\/cube-attain-slx-algodon-y-gris-talla-59\\\/#breadcrumb\",\"itemListElement\":[{\"@type\":\"ListItem\",\"position\":1,\"name\":\"Home\",\"item\":\"https:\\\/\\\/www.rentabikedlabuela.com\\\/es\\\/inicio\\\/\"},{\"@type\":\"ListItem\",\"position\":2,\"name\":\"Tienda\",\"item\":\"https:\\\/\\\/www.rentabikedlabuela.com\\\/es\\\/tienda\\\/\"},{\"@type\":\"ListItem\",\"position\":3,\"name\":\"Merida Scultura Endurance 6000 105 Di2 &#8211; size L\"}]},{\"@type\":\"WebSite\",\"@id\":\"https:\\\/\\\/www.rentabikedlabuela.com\\\/#website\",\"url\":\"https:\\\/\\\/www.rentabikedlabuela.com\\\/\",\"name\":\"Rent a Bike Dlabuela\",\"description\":\"\",\"publisher\":{\"@id\":\"https:\\\/\\\/www.rentabikedlabuela.com\\\/#organization\"},\"alternateName\":\"Dlabuela Rent a Bike\",\"potentialAction\":[{\"@type\":\"SearchAction\",\"target\":{\"@type\":\"EntryPoint\",\"urlTemplate\":\"https:\\\/\\\/www.rentabikedlabuela.com\\\/?s={search_term_string}\"},\"query-input\":{\"@type\":\"PropertyValueSpecification\",\"valueRequired\":true,\"valueName\":\"search_term_string\"}}],\"inLanguage\":\"es\"},{\"@type\":\"Organization\",\"@id\":\"https:\\\/\\\/www.rentabikedlabuela.com\\\/#organization\",\"name\":\"Rent a Bike Dlabuela\",\"alternateName\":\"Dlabuela Rent a Bike\",\"url\":\"https:\\\/\\\/www.rentabikedlabuela.com\\\/\",\"logo\":{\"@type\":\"ImageObject\",\"inLanguage\":\"es\",\"@id\":\"https:\\\/\\\/www.rentabikedlabuela.com\\\/#\\\/schema\\\/logo\\\/image\\\/\",\"url\":\"https:\\\/\\\/www.rentabikedlabuela.com\\\/wp-content\\\/uploads\\\/rent-a-bike-dlabuela-logo.png\",\"contentUrl\":\"https:\\\/\\\/www.rentabikedlabuela.com\\\/wp-content\\\/uploads\\\/rent-a-bike-dlabuela-logo.png\",\"width\":1284,\"height\":642,\"caption\":\"Rent a Bike Dlabuela\"},\"image\":{\"@id\":\"https:\\\/\\\/www.rentabikedlabuela.com\\\/#\\\/schema\\\/logo\\\/image\\\/\"},\"sameAs\":[\"https:\\\/\\\/www.facebook.com\\\/Dlabuela\\\/\",\"https:\\\/\\\/www.instagram.com\\\/bike.dlabuela\\\/\"]}]}<\/script>\n<!-- \/ Yoast SEO plugin. -->","yoast_head_json":{"title":"Merida Scultura Endurance 6000 105 Di2 - size L - Rent a Bike Dlabuela","robots":{"index":"index","follow":"follow","max-snippet":"max-snippet:-1","max-image-preview":"max-image-preview:large","max-video-preview":"max-video-preview:-1"},"canonical":"https:\/\/www.rentabikedlabuela.com\/es\/producto\/cube-attain-slx-algodon-y-gris-talla-59\/","og_locale":"es_ES","og_type":"article","og_title":"Merida Scultura Endurance 6000 105 Di2 - size L - Rent a Bike Dlabuela","og_description":"Alquila nuestras bicicletas de carretera con sistema de pedales Look y sigue practicando tu deporte favorito durante las vacaciones.","og_url":"https:\/\/www.rentabikedlabuela.com\/es\/producto\/cube-attain-slx-algodon-y-gris-talla-59\/","og_site_name":"Rent a Bike Dlabuela","article_publisher":"https:\/\/www.facebook.com\/Dlabuela\/","article_modified_time":"2025-06-09T15:55:27+00:00","og_image":[{"width":600,"height":600,"url":"https:\/\/www.rentabikedlabuela.com\/wp-content\/uploads\/scultura_endurance_6000_bikerent_dlabuela.jpg","type":"image\/jpeg"}],"twitter_card":"summary_large_image","twitter_misc":{"Tiempo de lectura":"1 minuto"},"schema":{"@context":"https:\/\/schema.org","@graph":[{"@type":"WebPage","@id":"https:\/\/www.rentabikedlabuela.com\/es\/producto\/cube-attain-slx-algodon-y-gris-talla-59\/","url":"https:\/\/www.rentabikedlabuela.com\/es\/producto\/cube-attain-slx-algodon-y-gris-talla-59\/","name":"Merida Scultura Endurance 6000 105 Di2 - size L - Rent a Bike Dlabuela","isPartOf":{"@id":"https:\/\/www.rentabikedlabuela.com\/#website"},"primaryImageOfPage":{"@id":"https:\/\/www.rentabikedlabuela.com\/es\/producto\/cube-attain-slx-algodon-y-gris-talla-59\/#primaryimage"},"image":{"@id":"https:\/\/www.rentabikedlabuela.com\/es\/producto\/cube-attain-slx-algodon-y-gris-talla-59\/#primaryimage"},"thumbnailUrl":"https:\/\/www.rentabikedlabuela.com\/wp-content\/uploads\/scultura_endurance_6000_bikerent_dlabuela.jpg","datePublished":"2025-03-07T03:48:23+00:00","dateModified":"2025-06-09T15:55:27+00:00","breadcrumb":{"@id":"https:\/\/www.rentabikedlabuela.com\/es\/producto\/cube-attain-slx-algodon-y-gris-talla-59\/#breadcrumb"},"inLanguage":"es","potentialAction":[{"@type":"ReadAction","target":["https:\/\/www.rentabikedlabuela.com\/es\/producto\/cube-attain-slx-algodon-y-gris-talla-59\/"]}]},{"@type":"ImageObject","inLanguage":"es","@id":"https:\/\/www.rentabikedlabuela.com\/es\/producto\/cube-attain-slx-algodon-y-gris-talla-59\/#primaryimage","url":"https:\/\/www.rentabikedlabuela.com\/wp-content\/uploads\/scultura_endurance_6000_bikerent_dlabuela.jpg","contentUrl":"https:\/\/www.rentabikedlabuela.com\/wp-content\/uploads\/scultura_endurance_6000_bikerent_dlabuela.jpg","width":600,"height":600},{"@type":"BreadcrumbList","@id":"https:\/\/www.rentabikedlabuela.com\/es\/producto\/cube-attain-slx-algodon-y-gris-talla-59\/#breadcrumb","itemListElement":[{"@type":"ListItem","position":1,"name":"Home","item":"https:\/\/www.rentabikedlabuela.com\/es\/inicio\/"},{"@type":"ListItem","position":2,"name":"Tienda","item":"https:\/\/www.rentabikedlabuela.com\/es\/tienda\/"},{"@type":"ListItem","position":3,"name":"Merida Scultura Endurance 6000 105 Di2 &#8211; size L"}]},{"@type":"WebSite","@id":"https:\/\/www.rentabikedlabuela.com\/#website","url":"https:\/\/www.rentabikedlabuela.com\/","name":"Rent a Bike Dlabuela","description":"","publisher":{"@id":"https:\/\/www.rentabikedlabuela.com\/#organization"},"alternateName":"Dlabuela Rent a Bike","potentialAction":[{"@type":"SearchAction","target":{"@type":"EntryPoint","urlTemplate":"https:\/\/www.rentabikedlabuela.com\/?s={search_term_string}"},"query-input":{"@type":"PropertyValueSpecification","valueRequired":true,"valueName":"search_term_string"}}],"inLanguage":"es"},{"@type":"Organization","@id":"https:\/\/www.rentabikedlabuela.com\/#organization","name":"Rent a Bike Dlabuela","alternateName":"Dlabuela Rent a Bike","url":"https:\/\/www.rentabikedlabuela.com\/","logo":{"@type":"ImageObject","inLanguage":"es","@id":"https:\/\/www.rentabikedlabuela.com\/#\/schema\/logo\/image\/","url":"https:\/\/www.rentabikedlabuela.com\/wp-content\/uploads\/rent-a-bike-dlabuela-logo.png","contentUrl":"https:\/\/www.rentabikedlabuela.com\/wp-content\/uploads\/rent-a-bike-dlabuela-logo.png","width":1284,"height":642,"caption":"Rent a Bike Dlabuela"},"image":{"@id":"https:\/\/www.rentabikedlabuela.com\/#\/schema\/logo\/image\/"},"sameAs":["https:\/\/www.facebook.com\/Dlabuela\/","https:\/\/www.instagram.com\/bike.dlabuela\/"]}]}},"_links":{"self":[{"href":"https:\/\/www.rentabikedlabuela.com\/es\/wp-json\/wp\/v2\/product\/1513","targetHints":{"allow":["GET"]}}],"collection":[{"href":"https:\/\/www.rentabikedlabuela.com\/es\/wp-json\/wp\/v2\/product"}],"about":[{"href":"https:\/\/www.rentabikedlabuela.com\/es\/wp-json\/wp\/v2\/types\/product"}],"wp:featuredmedia":[{"embeddable":true,"href":"https:\/\/www.rentabikedlabuela.com\/es\/wp-json\/wp\/v2\/media\/1995"}],"wp:attachment":[{"href":"https:\/\/www.rentabikedlabuela.com\/es\/wp-json\/wp\/v2\/media?parent=1513"}],"wp:term":[{"taxonomy":"product_brand","embeddable":true,"href":"https:\/\/www.rentabikedlabuela.com\/es\/wp-json\/wp\/v2\/product_brand?post=1513"},{"taxonomy":"product_cat","embeddable":true,"href":"https:\/\/www.rentabikedlabuela.com\/es\/wp-json\/wp\/v2\/product_cat?post=1513"},{"taxonomy":"product_tag","embeddable":true,"href":"https:\/\/www.rentabikedlabuela.com\/es\/wp-json\/wp\/v2\/product_tag?post=1513"}],"curies":[{"name":"wp","href":"https:\/\/api.w.org\/{rel}","templated":true}]}}